{"id":2530,"date":"2026-02-03T10:13:01","date_gmt":"2026-02-03T09:13:01","guid":{"rendered":"https:\/\/spinnpack.fr\/?page_id=2530"},"modified":"2026-03-11T09:17:17","modified_gmt":"2026-03-11T08:17:17","slug":"boite-a-chapeau","status":"publish","type":"page","link":"https:\/\/spinnpack.fr\/?page_id=2530","title":{"rendered":"Boite \u00e0 chapeau"},"content":{"rendered":"\t\t<div data-elementor-type=\"wp-page\" data-elementor-id=\"2530\" class=\"elementor elementor-2530\">\n\t\t\t\t\t\t<section class=\"elementor-section elementor-top-section elementor-element elementor-element-5c1760e00 elementor-section-full_width elementor-section-height-default elementor-section-height-default wpr-particle-no wpr-jarallax-no wpr-parallax-no wpr-sticky-section-no\" data-id=\"5c1760e00\" data-element_type=\"section\">\n\t\t\t\t\t\t<div class=\"elementor-container elementor-column-gap-no\">\n\t\t\t\t\t<div class=\"elementor-column elementor-col-100 elementor-top-column elementor-element elementor-element-2df31c36\" data-id=\"2df31c36\" data-element_type=\"column\">\n\t\t\t<div class=\"elementor-widget-wrap elementor-element-populated\">\n\t\t\t\t\t\t<div class=\"elementor-element elementor-element-5243e26a wpr-adv-slider-columns-1 wpr-adv-slider-columns--tablet1 wpr-adv-slider-columns--mobile1 wpr-adv-slides-to-scroll-1 wpr-slider-dots-horizontal elementor-widget elementor-widget-wpr-advanced-slider\" data-id=\"5243e26a\" data-element_type=\"widget\" data-settings=\"{&quot;slider_amount&quot;:&quot;1&quot;,&quot;slider_amount_tablet&quot;:1,&quot;slider_amount_mobile&quot;:1,&quot;slides_to_scroll&quot;:1,&quot;slider_loop&quot;:&quot;yes&quot;,&quot;slider_hide_video_content&quot;:&quot;yes&quot;,&quot;slider_video_btn_size&quot;:&quot;medium&quot;}\" data-widget_type=\"wpr-advanced-slider.default\">\n\t\t\t\t<div class=\"elementor-widget-container\">\n\t\t\t\t\t\n\t\t<!-- Advanced Slider -->\n\t\t<div class=\"wpr-advanced-slider-wrap\">\n\t\t\t\n\t\t\t<div class=\"wpr-advanced-slider\" dir=\"ltr\" data-slick=\"{&quot;rtl&quot;:false,&quot;infinite&quot;:true,&quot;speed&quot;:700,&quot;arrows&quot;:true,&quot;dots&quot;:true,&quot;autoplay&quot;:false,&quot;autoplaySpeed&quot;:0,&quot;pauseOnHover&quot;:&quot;&quot;,&quot;prevArrow&quot;:&quot;#wpr-slider-prev-5243e26a&quot;,&quot;nextArrow&quot;:&quot;#wpr-slider-next-5243e26a&quot;,&quot;vertical&quot;:false,&quot;adaptiveHeight&quot;:true}\" data-hide-video-content=\"yes\" data-video-btn-size=\"{&quot;widescreen&quot;:&quot;medium&quot;,&quot;desktop&quot;:&quot;medium&quot;,&quot;laptop&quot;:&quot;medium&quot;,&quot;tablet_extra&quot;:&quot;medium&quot;,&quot;tablet&quot;:&quot;medium&quot;,&quot;mobile_extra&quot;:&quot;medium&quot;,&quot;mobile&quot;:&quot;medium&quot;}\" data-slide-effect=\"slide\">\n\t\t\t\t<div class=\"wpr-slider-item elementor-repeater-item-af2bb90\"><div class=\"wpr-slider-item-bg \" style=\"background-image: url(https:\/\/spinnpack.fr\/wp-content\/uploads\/2023\/02\/J50B8763-scaled.jpg)\"><\/div><div class=\"wpr-cv-container\"><div class=\"wpr-cv-outer\"><div class=\"wpr-cv-inner\"><div class=\"wpr-slider-content\"><div class=\"wpr-slider-title\"><h2>Bo\u00eete en carton recyclable<\/h2><\/div><div class=\"wpr-slider-sub-title\"><h3>Boite \u00e0 chapeau<\/h3><\/div><div class=\"wpr-slider-description\"><p>Compos\u00e9e de deux parties, nos bo\u00eetes \u00e0 chapeau offrent un packaging haut de gamme au design intemporel. Personnalisable et \u00e9cologiques, elles subliement vos produits. Disponibles en plusieurs formats et finitions.<\/p><\/div><div class=\"wpr-slider-btns\"><\/div><\/div><\/div><\/div><\/div><\/div>\t\t\t<\/div>\n\t\t\t<div class=\"wpr-slider-controls\">\n\t\t\t\t<div class=\"wpr-slider-dots\"><\/div>\n\t\t\t<\/div>\n\n\t\t\t<div class=\"wpr-slider-arrow-container\">\n\t\t\t\t<div class=\"wpr-slider-prev-arrow wpr-slider-arrow\" id=\"wpr-slider-prev-5243e26a\">\n\t\t\t\t\t\t\t\t\t<\/div>\n\t\t\t\t<div class=\"wpr-slider-next-arrow wpr-slider-arrow\" id=\"wpr-slider-next-5243e26a\">\n\t\t\t\t\t\t\t\t\t<\/div>\n\t\t\t<\/div>\n\t\t\t\n\t\t\t\n\t\t<\/div>\n\t\t\t\t\t\t<\/div>\n\t\t\t\t<\/div>\n\t\t\t\t\t<\/div>\n\t\t<\/div>\n\t\t\t\t\t<\/div>\n\t\t<\/section>\n\t\t\t\t<section class=\"elementor-section elementor-top-section elementor-element elementor-element-88c5e42 elementor-section-boxed elementor-section-height-default elementor-section-height-default wpr-particle-no wpr-jarallax-no wpr-parallax-no wpr-sticky-section-no\" data-id=\"88c5e42\" data-element_type=\"section\">\n\t\t\t\t\t\t<div class=\"elementor-container elementor-column-gap-default\">\n\t\t\t\t\t<div class=\"elementor-column elementor-col-100 elementor-top-column elementor-element elementor-element-26ef101d\" data-id=\"26ef101d\" data-element_type=\"column\">\n\t\t\t<div class=\"elementor-widget-wrap elementor-element-populated\">\n\t\t\t\t\t\t<div class=\"elementor-element elementor-element-2eb57757 elementor-widget elementor-widget-heading\" data-id=\"2eb57757\" data-element_type=\"widget\" data-widget_type=\"heading.default\">\n\t\t\t\t<div class=\"elementor-widget-container\">\n\t\t\t\t\t<h2 class=\"elementor-heading-title elementor-size-default\">Nos r\u00e9alisations<\/h2>\t\t\t\t<\/div>\n\t\t\t\t<\/div>\n\t\t\t\t<section class=\"elementor-section elementor-inner-section elementor-element elementor-element-64a84e4e elementor-section-boxed elementor-section-height-default elementor-section-height-default wpr-particle-no wpr-jarallax-no wpr-parallax-no wpr-sticky-section-no\" data-id=\"64a84e4e\" data-element_type=\"section\">\n\t\t\t\t\t\t<div class=\"elementor-container elementor-column-gap-no\">\n\t\t\t\t\t<div class=\"elementor-column elementor-col-100 elementor-inner-column elementor-element elementor-element-5e768575\" data-id=\"5e768575\" data-element_type=\"column\">\n\t\t\t<div class=\"elementor-widget-wrap elementor-element-populated\">\n\t\t\t\t\t\t<div class=\"elementor-element elementor-element-584e67e9 elementor-widget elementor-widget-text-editor\" data-id=\"584e67e9\" data-element_type=\"widget\" data-widget_type=\"text-editor.default\">\n\t\t\t\t<div class=\"elementor-widget-container\">\n\t\t\t\t\t\t\t\t\t<p>D\u00e9couvrez une s\u00e9lection de projets sur-mesure. Formats, mati\u00e8re, finitions : enti\u00e8rement personnalisables et adapt\u00e9s \u00e0 diff\u00e9rents secteurs comme la cosm\u00e9tique, la parfumerie, les coffrets cadeaux etc<\/p>\t\t\t\t\t\t\t\t<\/div>\n\t\t\t\t<\/div>\n\t\t\t\t\t<\/div>\n\t\t<\/div>\n\t\t\t\t\t<\/div>\n\t\t<\/section>\n\t\t\t\t<section class=\"elementor-section elementor-inner-section elementor-element elementor-element-5f5c10d0 elementor-section-boxed elementor-section-height-default elementor-section-height-default wpr-particle-no wpr-jarallax-no wpr-parallax-no wpr-sticky-section-no\" data-id=\"5f5c10d0\" data-element_type=\"section\">\n\t\t\t\t\t\t<div class=\"elementor-container elementor-column-gap-default\">\n\t\t\t\t\t<div class=\"elementor-column elementor-col-33 elementor-inner-column elementor-element elementor-element-9e383df\" data-id=\"9e383df\" data-element_type=\"column\">\n\t\t\t<div class=\"elementor-widget-wrap elementor-element-populated\">\n\t\t\t\t\t\t<div class=\"elementor-element elementor-element-56d67d1 elementor-widget elementor-widget-image\" data-id=\"56d67d1\" data-element_type=\"widget\" data-widget_type=\"image.default\">\n\t\t\t\t<div class=\"elementor-widget-container\">\n\t\t\t\t\t\t\t\t\t\t\t\t\t\t\t<img fetchpriority=\"high\" decoding=\"async\" width=\"604\" height=\"862\" src=\"https:\/\/spinnpack.fr\/wp-content\/uploads\/2025\/06\/grand-prix.png\" class=\"elementor-animation-shrink attachment-large size-large wp-image-2121\" alt=\"\" srcset=\"https:\/\/spinnpack.fr\/wp-content\/uploads\/2025\/06\/grand-prix.png 604w, https:\/\/spinnpack.fr\/wp-content\/uploads\/2025\/06\/grand-prix-210x300.png 210w\" sizes=\"(max-width: 604px) 100vw, 604px\" \/>\t\t\t\t\t\t\t\t\t\t\t\t\t\t\t<\/div>\n\t\t\t\t<\/div>\n\t\t\t\t<div class=\"elementor-element elementor-element-1596a762 elementor-widget elementor-widget-heading\" data-id=\"1596a762\" data-element_type=\"widget\" data-widget_type=\"heading.default\">\n\t\t\t\t<div class=\"elementor-widget-container\">\n\t\t\t\t\t<h2 class=\"elementor-heading-title elementor-size-default\">Coffrets<\/h2>\t\t\t\t<\/div>\n\t\t\t\t<\/div>\n\t\t\t\t<div class=\"elementor-element elementor-element-65b7212a elementor-widget elementor-widget-text-editor\" data-id=\"65b7212a\" data-element_type=\"widget\" data-widget_type=\"text-editor.default\">\n\t\t\t\t<div class=\"elementor-widget-container\">\n\t\t\t\t\t\t\t\t\t<p>Nos coffrets en carton sont con\u00e7us pour offrir une pr\u00e9sentation \u00e9l\u00e9gante et soign\u00e9e de vos produits. Possibilit\u00e9 d&rsquo;ajout de ruban ou encore de calage sur-mesure.<\/p>\t\t\t\t\t\t\t\t<\/div>\n\t\t\t\t<\/div>\n\t\t\t\t\t<\/div>\n\t\t<\/div>\n\t\t\t\t<div class=\"elementor-column elementor-col-33 elementor-inner-column elementor-element elementor-element-76b6af57\" data-id=\"76b6af57\" data-element_type=\"column\">\n\t\t\t<div class=\"elementor-widget-wrap elementor-element-populated\">\n\t\t\t\t\t\t<div class=\"elementor-element elementor-element-18d98499 elementor-widget elementor-widget-image\" data-id=\"18d98499\" data-element_type=\"widget\" data-widget_type=\"image.default\">\n\t\t\t\t<div class=\"elementor-widget-container\">\n\t\t\t\t\t\t\t\t\t\t\t\t\t\t\t<img decoding=\"async\" width=\"430\" height=\"1536\" src=\"https:\/\/spinnpack.fr\/wp-content\/uploads\/2025\/06\/ragneaud-1-e1773214951996-430x1536.png\" class=\"elementor-animation-shrink attachment-1536x1536 size-1536x1536 wp-image-2128\" alt=\"\" srcset=\"https:\/\/spinnpack.fr\/wp-content\/uploads\/2025\/06\/ragneaud-1-e1773214951996-430x1536.png 430w, https:\/\/spinnpack.fr\/wp-content\/uploads\/2025\/06\/ragneaud-1-e1773214951996-84x300.png 84w, https:\/\/spinnpack.fr\/wp-content\/uploads\/2025\/06\/ragneaud-1-e1773214951996-287x1024.png 287w, https:\/\/spinnpack.fr\/wp-content\/uploads\/2025\/06\/ragneaud-1-e1773214951996.png 538w\" sizes=\"(max-width: 430px) 100vw, 430px\" \/>\t\t\t\t\t\t\t\t\t\t\t\t\t\t\t<\/div>\n\t\t\t\t<\/div>\n\t\t\t\t<div class=\"elementor-element elementor-element-75f5efd elementor-widget elementor-widget-heading\" data-id=\"75f5efd\" data-element_type=\"widget\" data-widget_type=\"heading.default\">\n\t\t\t\t<div class=\"elementor-widget-container\">\n\t\t\t\t\t<h2 class=\"elementor-heading-title elementor-size-default\">Etuis de bouteilles<\/h2>\t\t\t\t<\/div>\n\t\t\t\t<\/div>\n\t\t\t\t<div class=\"elementor-element elementor-element-4ef3477 elementor-widget elementor-widget-text-editor\" data-id=\"4ef3477\" data-element_type=\"widget\" data-widget_type=\"text-editor.default\">\n\t\t\t\t<div class=\"elementor-widget-container\">\n\t\t\t\t\t\t\t\t\t<p>Etui de bouteille en carton offrant protection et \u00e9l\u00e9gance. Finitions\u00a0 vernis s\u00e9lectif ou dorure pour un rendu premium.<\/p>\t\t\t\t\t\t\t\t<\/div>\n\t\t\t\t<\/div>\n\t\t\t\t\t<\/div>\n\t\t<\/div>\n\t\t\t\t<div class=\"elementor-column elementor-col-33 elementor-inner-column elementor-element elementor-element-24e31e55\" data-id=\"24e31e55\" data-element_type=\"column\">\n\t\t\t<div class=\"elementor-widget-wrap elementor-element-populated\">\n\t\t\t\t\t\t<div class=\"elementor-element elementor-element-102958a5 elementor-widget elementor-widget-image\" data-id=\"102958a5\" data-element_type=\"widget\" data-widget_type=\"image.default\">\n\t\t\t\t<div class=\"elementor-widget-container\">\n\t\t\t\t\t\t\t\t\t\t\t\t\t\t\t<img decoding=\"async\" width=\"433\" height=\"680\" src=\"https:\/\/spinnpack.fr\/wp-content\/uploads\/2025\/06\/patchouly-e1752742390542.png\" class=\"elementor-animation-shrink attachment-large size-large wp-image-2125\" alt=\"\" srcset=\"https:\/\/spinnpack.fr\/wp-content\/uploads\/2025\/06\/patchouly-e1752742390542.png 433w, https:\/\/spinnpack.fr\/wp-content\/uploads\/2025\/06\/patchouly-e1752742390542-191x300.png 191w\" sizes=\"(max-width: 433px) 100vw, 433px\" \/>\t\t\t\t\t\t\t\t\t\t\t\t\t\t\t<\/div>\n\t\t\t\t<\/div>\n\t\t\t\t<div class=\"elementor-element elementor-element-3406160a elementor-widget elementor-widget-heading\" data-id=\"3406160a\" data-element_type=\"widget\" data-widget_type=\"heading.default\">\n\t\t\t\t<div class=\"elementor-widget-container\">\n\t\t\t\t\t<h2 class=\"elementor-heading-title elementor-size-default\">Eau de parfum<\/h2>\t\t\t\t<\/div>\n\t\t\t\t<\/div>\n\t\t\t\t<div class=\"elementor-element elementor-element-3cfe1e87 elementor-widget elementor-widget-text-editor\" data-id=\"3cfe1e87\" data-element_type=\"widget\" data-widget_type=\"text-editor.default\">\n\t\t\t\t<div class=\"elementor-widget-container\">\n\t\t\t\t\t\t\t\t\t<p>Packaging d&rsquo;eau de parfum pour mettre en valeur vos flacons tout en les prot\u00e9geant gr\u00e2ce \u00e0 un serrage int\u00e9rieur sur mesure.<\/p>\t\t\t\t\t\t\t\t<\/div>\n\t\t\t\t<\/div>\n\t\t\t\t\t<\/div>\n\t\t<\/div>\n\t\t\t\t\t<\/div>\n\t\t<\/section>\n\t\t\t\t\t<\/div>\n\t\t<\/div>\n\t\t\t\t\t<\/div>\n\t\t<\/section>\n\t\t\t\t<\/div>\n\t\t","protected":false},"excerpt":{"rendered":"<p>Bo\u00eete en carton recyclable Boite \u00e0 chapeau Compos\u00e9e de deux parties, nos bo\u00eetes \u00e0 chapeau offrent un packaging haut de gamme au design intemporel. Personnalisable et \u00e9cologiques, elles subliement vos produits. Disponibles en plusieurs formats et finitions. Nos r\u00e9alisations D\u00e9couvrez une s\u00e9lection de projets sur-mesure. Formats, mati\u00e8re, finitions : enti\u00e8rement personnalisables et adapt\u00e9s \u00e0 diff\u00e9rents secteurs comme la cosm\u00e9tique, la parfumerie, les coffrets cadeaux etc Coffrets Nos coffrets en carton sont con\u00e7us pour offrir une pr\u00e9sentation \u00e9l\u00e9gante et soign\u00e9e de vos produits. Possibilit\u00e9 d&rsquo;ajout de ruban ou encore de calage sur-mesure. Etuis de bouteilles Etui de bouteille en carton offrant protection et \u00e9l\u00e9gance. Finitions\u00a0 vernis s\u00e9lectif ou dorure pour un rendu premium. Eau de parfum Packaging d&rsquo;eau de parfum pour mettre en valeur vos flacons tout en les prot\u00e9geant gr\u00e2ce \u00e0 un serrage int\u00e9rieur sur mesure.<\/p>\n","protected":false},"author":1,"featured_media":1819,"parent":0,"menu_order":0,"comment_status":"closed","ping_status":"closed","template":"","meta":{"footnotes":""},"class_list":["post-2530","page","type-page","status-publish","has-post-thumbnail","hentry"],"yoast_head":"<!-- This site is optimized with the Yoast SEO plugin v25.3.1 - https:\/\/yoast.com\/wordpress\/plugins\/seo\/ -->\n<title>Boite \u00e0 chapeau - Spinnpack<\/title>\n<meta name=\"robots\" content=\"index, follow, max-snippet:-1, max-image-preview:large, max-video-preview:-1\" \/>\n<link rel=\"canonical\" href=\"https:\/\/spinnpack.fr\/?page_id=2530\" \/>\n<meta property=\"og:locale\" content=\"fr_FR\" \/>\n<meta property=\"og:type\" content=\"article\" \/>\n<meta property=\"og:title\" content=\"Boite \u00e0 chapeau - Spinnpack\" \/>\n<meta property=\"og:description\" content=\"Bo\u00eete en carton recyclable Boite \u00e0 chapeau Compos\u00e9e de deux parties, nos bo\u00eetes \u00e0 chapeau offrent un packaging haut de gamme au design intemporel. Personnalisable et \u00e9cologiques, elles subliement vos produits. Disponibles en plusieurs formats et finitions. Nos r\u00e9alisations D\u00e9couvrez une s\u00e9lection de projets sur-mesure. Formats, mati\u00e8re, finitions : enti\u00e8rement personnalisables et adapt\u00e9s \u00e0 diff\u00e9rents secteurs comme la cosm\u00e9tique, la parfumerie, les coffrets cadeaux etc Coffrets Nos coffrets en carton sont con\u00e7us pour offrir une pr\u00e9sentation \u00e9l\u00e9gante et soign\u00e9e de vos produits. Possibilit\u00e9 d&rsquo;ajout de ruban ou encore de calage sur-mesure. Etuis de bouteilles Etui de bouteille en carton offrant protection et \u00e9l\u00e9gance. Finitions\u00a0 vernis s\u00e9lectif ou dorure pour un rendu premium. Eau de parfum Packaging d&rsquo;eau de parfum pour mettre en valeur vos flacons tout en les prot\u00e9geant gr\u00e2ce \u00e0 un serrage int\u00e9rieur sur mesure.\" \/>\n<meta property=\"og:url\" content=\"https:\/\/spinnpack.fr\/?page_id=2530\" \/>\n<meta property=\"og:site_name\" content=\"Spinnpack\" \/>\n<meta property=\"article:modified_time\" content=\"2026-03-11T08:17:17+00:00\" \/>\n<meta property=\"og:image\" content=\"https:\/\/spinnpack.fr\/wp-content\/uploads\/2023\/02\/J50B8800-scaled.jpg\" \/>\n\t<meta property=\"og:image:width\" content=\"2560\" \/>\n\t<meta property=\"og:image:height\" content=\"2560\" \/>\n\t<meta property=\"og:image:type\" content=\"image\/jpeg\" \/>\n<meta name=\"twitter:card\" content=\"summary_large_image\" \/>\n<meta name=\"twitter:label1\" content=\"Dur\u00e9e de lecture estim\u00e9e\" \/>\n\t<meta name=\"twitter:data1\" content=\"2 minutes\" \/>\n<script type=\"application\/ld+json\" class=\"yoast-schema-graph\">{\"@context\":\"https:\/\/schema.org\",\"@graph\":[{\"@type\":\"WebPage\",\"@id\":\"https:\/\/spinnpack.fr\/?page_id=2530\",\"url\":\"https:\/\/spinnpack.fr\/?page_id=2530\",\"name\":\"Boite \u00e0 chapeau - Spinnpack\",\"isPartOf\":{\"@id\":\"https:\/\/spinnpack.fr\/#website\"},\"primaryImageOfPage\":{\"@id\":\"https:\/\/spinnpack.fr\/?page_id=2530#primaryimage\"},\"image\":{\"@id\":\"https:\/\/spinnpack.fr\/?page_id=2530#primaryimage\"},\"thumbnailUrl\":\"https:\/\/spinnpack.fr\/wp-content\/uploads\/2023\/02\/J50B8800-scaled.jpg\",\"datePublished\":\"2026-02-03T09:13:01+00:00\",\"dateModified\":\"2026-03-11T08:17:17+00:00\",\"breadcrumb\":{\"@id\":\"https:\/\/spinnpack.fr\/?page_id=2530#breadcrumb\"},\"inLanguage\":\"fr-FR\",\"potentialAction\":[{\"@type\":\"ReadAction\",\"target\":[\"https:\/\/spinnpack.fr\/?page_id=2530\"]}]},{\"@type\":\"ImageObject\",\"inLanguage\":\"fr-FR\",\"@id\":\"https:\/\/spinnpack.fr\/?page_id=2530#primaryimage\",\"url\":\"https:\/\/spinnpack.fr\/wp-content\/uploads\/2023\/02\/J50B8800-scaled.jpg\",\"contentUrl\":\"https:\/\/spinnpack.fr\/wp-content\/uploads\/2023\/02\/J50B8800-scaled.jpg\",\"width\":2560,\"height\":2560},{\"@type\":\"BreadcrumbList\",\"@id\":\"https:\/\/spinnpack.fr\/?page_id=2530#breadcrumb\",\"itemListElement\":[{\"@type\":\"ListItem\",\"position\":1,\"name\":\"Accueil\",\"item\":\"https:\/\/spinnpack.fr\/\"},{\"@type\":\"ListItem\",\"position\":2,\"name\":\"Boite \u00e0 chapeau\"}]},{\"@type\":\"WebSite\",\"@id\":\"https:\/\/spinnpack.fr\/#website\",\"url\":\"https:\/\/spinnpack.fr\/\",\"name\":\"Spinnpack\",\"description\":\"Sp\u00e9cialiste emballages cylindriques\",\"publisher\":{\"@id\":\"https:\/\/spinnpack.fr\/#organization\"},\"potentialAction\":[{\"@type\":\"SearchAction\",\"target\":{\"@type\":\"EntryPoint\",\"urlTemplate\":\"https:\/\/spinnpack.fr\/?s={search_term_string}\"},\"query-input\":{\"@type\":\"PropertyValueSpecification\",\"valueRequired\":true,\"valueName\":\"search_term_string\"}}],\"inLanguage\":\"fr-FR\"},{\"@type\":\"Organization\",\"@id\":\"https:\/\/spinnpack.fr\/#organization\",\"name\":\"Spinnpack\",\"url\":\"https:\/\/spinnpack.fr\/\",\"logo\":{\"@type\":\"ImageObject\",\"inLanguage\":\"fr-FR\",\"@id\":\"https:\/\/spinnpack.fr\/#\/schema\/logo\/image\/\",\"url\":\"https:\/\/spinnpack.fr\/wp-content\/uploads\/2023\/02\/cropped-spinnpack-favicon.jpg\",\"contentUrl\":\"https:\/\/spinnpack.fr\/wp-content\/uploads\/2023\/02\/cropped-spinnpack-favicon.jpg\",\"width\":512,\"height\":512,\"caption\":\"Spinnpack\"},\"image\":{\"@id\":\"https:\/\/spinnpack.fr\/#\/schema\/logo\/image\/\"}}]}<\/script>\n<!-- \/ Yoast SEO plugin. -->","yoast_head_json":{"title":"Boite \u00e0 chapeau - Spinnpack","robots":{"index":"index","follow":"follow","max-snippet":"max-snippet:-1","max-image-preview":"max-image-preview:large","max-video-preview":"max-video-preview:-1"},"canonical":"https:\/\/spinnpack.fr\/?page_id=2530","og_locale":"fr_FR","og_type":"article","og_title":"Boite \u00e0 chapeau - Spinnpack","og_description":"Bo\u00eete en carton recyclable Boite \u00e0 chapeau Compos\u00e9e de deux parties, nos bo\u00eetes \u00e0 chapeau offrent un packaging haut de gamme au design intemporel. Personnalisable et \u00e9cologiques, elles subliement vos produits. Disponibles en plusieurs formats et finitions. Nos r\u00e9alisations D\u00e9couvrez une s\u00e9lection de projets sur-mesure. Formats, mati\u00e8re, finitions : enti\u00e8rement personnalisables et adapt\u00e9s \u00e0 diff\u00e9rents secteurs comme la cosm\u00e9tique, la parfumerie, les coffrets cadeaux etc Coffrets Nos coffrets en carton sont con\u00e7us pour offrir une pr\u00e9sentation \u00e9l\u00e9gante et soign\u00e9e de vos produits. Possibilit\u00e9 d&rsquo;ajout de ruban ou encore de calage sur-mesure. Etuis de bouteilles Etui de bouteille en carton offrant protection et \u00e9l\u00e9gance. Finitions\u00a0 vernis s\u00e9lectif ou dorure pour un rendu premium. Eau de parfum Packaging d&rsquo;eau de parfum pour mettre en valeur vos flacons tout en les prot\u00e9geant gr\u00e2ce \u00e0 un serrage int\u00e9rieur sur mesure.","og_url":"https:\/\/spinnpack.fr\/?page_id=2530","og_site_name":"Spinnpack","article_modified_time":"2026-03-11T08:17:17+00:00","og_image":[{"width":2560,"height":2560,"url":"https:\/\/spinnpack.fr\/wp-content\/uploads\/2023\/02\/J50B8800-scaled.jpg","type":"image\/jpeg"}],"twitter_card":"summary_large_image","twitter_misc":{"Dur\u00e9e de lecture estim\u00e9e":"2 minutes"},"schema":{"@context":"https:\/\/schema.org","@graph":[{"@type":"WebPage","@id":"https:\/\/spinnpack.fr\/?page_id=2530","url":"https:\/\/spinnpack.fr\/?page_id=2530","name":"Boite \u00e0 chapeau - Spinnpack","isPartOf":{"@id":"https:\/\/spinnpack.fr\/#website"},"primaryImageOfPage":{"@id":"https:\/\/spinnpack.fr\/?page_id=2530#primaryimage"},"image":{"@id":"https:\/\/spinnpack.fr\/?page_id=2530#primaryimage"},"thumbnailUrl":"https:\/\/spinnpack.fr\/wp-content\/uploads\/2023\/02\/J50B8800-scaled.jpg","datePublished":"2026-02-03T09:13:01+00:00","dateModified":"2026-03-11T08:17:17+00:00","breadcrumb":{"@id":"https:\/\/spinnpack.fr\/?page_id=2530#breadcrumb"},"inLanguage":"fr-FR","potentialAction":[{"@type":"ReadAction","target":["https:\/\/spinnpack.fr\/?page_id=2530"]}]},{"@type":"ImageObject","inLanguage":"fr-FR","@id":"https:\/\/spinnpack.fr\/?page_id=2530#primaryimage","url":"https:\/\/spinnpack.fr\/wp-content\/uploads\/2023\/02\/J50B8800-scaled.jpg","contentUrl":"https:\/\/spinnpack.fr\/wp-content\/uploads\/2023\/02\/J50B8800-scaled.jpg","width":2560,"height":2560},{"@type":"BreadcrumbList","@id":"https:\/\/spinnpack.fr\/?page_id=2530#breadcrumb","itemListElement":[{"@type":"ListItem","position":1,"name":"Accueil","item":"https:\/\/spinnpack.fr\/"},{"@type":"ListItem","position":2,"name":"Boite \u00e0 chapeau"}]},{"@type":"WebSite","@id":"https:\/\/spinnpack.fr\/#website","url":"https:\/\/spinnpack.fr\/","name":"Spinnpack","description":"Sp\u00e9cialiste emballages cylindriques","publisher":{"@id":"https:\/\/spinnpack.fr\/#organization"},"potentialAction":[{"@type":"SearchAction","target":{"@type":"EntryPoint","urlTemplate":"https:\/\/spinnpack.fr\/?s={search_term_string}"},"query-input":{"@type":"PropertyValueSpecification","valueRequired":true,"valueName":"search_term_string"}}],"inLanguage":"fr-FR"},{"@type":"Organization","@id":"https:\/\/spinnpack.fr\/#organization","name":"Spinnpack","url":"https:\/\/spinnpack.fr\/","logo":{"@type":"ImageObject","inLanguage":"fr-FR","@id":"https:\/\/spinnpack.fr\/#\/schema\/logo\/image\/","url":"https:\/\/spinnpack.fr\/wp-content\/uploads\/2023\/02\/cropped-spinnpack-favicon.jpg","contentUrl":"https:\/\/spinnpack.fr\/wp-content\/uploads\/2023\/02\/cropped-spinnpack-favicon.jpg","width":512,"height":512,"caption":"Spinnpack"},"image":{"@id":"https:\/\/spinnpack.fr\/#\/schema\/logo\/image\/"}}]}},"_links":{"self":[{"href":"https:\/\/spinnpack.fr\/index.php?rest_route=\/wp\/v2\/pages\/2530","targetHints":{"allow":["GET"]}}],"collection":[{"href":"https:\/\/spinnpack.fr\/index.php?rest_route=\/wp\/v2\/pages"}],"about":[{"href":"https:\/\/spinnpack.fr\/index.php?rest_route=\/wp\/v2\/types\/page"}],"author":[{"embeddable":true,"href":"https:\/\/spinnpack.fr\/index.php?rest_route=\/wp\/v2\/users\/1"}],"replies":[{"embeddable":true,"href":"https:\/\/spinnpack.fr\/index.php?rest_route=%2Fwp%2Fv2%2Fcomments&post=2530"}],"version-history":[{"count":11,"href":"https:\/\/spinnpack.fr\/index.php?rest_route=\/wp\/v2\/pages\/2530\/revisions"}],"predecessor-version":[{"id":2692,"href":"https:\/\/spinnpack.fr\/index.php?rest_route=\/wp\/v2\/pages\/2530\/revisions\/2692"}],"wp:featuredmedia":[{"embeddable":true,"href":"https:\/\/spinnpack.fr\/index.php?rest_route=\/wp\/v2\/media\/1819"}],"wp:attachment":[{"href":"https:\/\/spinnpack.fr\/index.php?rest_route=%2Fwp%2Fv2%2Fmedia&parent=2530"}],"curies":[{"name":"wp","href":"https:\/\/api.w.org\/{rel}","templated":true}]}}