{"id":2535,"date":"2026-02-03T10:24:29","date_gmt":"2026-02-03T09:24:29","guid":{"rendered":"https:\/\/spinnpack.fr\/?page_id=2535"},"modified":"2026-03-11T10:10:07","modified_gmt":"2026-03-11T09:10:07","slug":"boite-a-gorge","status":"publish","type":"page","link":"https:\/\/spinnpack.fr\/?page_id=2535","title":{"rendered":"Boite \u00e0 gorge"},"content":{"rendered":"\t\t<div data-elementor-type=\"wp-page\" data-elementor-id=\"2535\" class=\"elementor elementor-2535\">\n\t\t\t\t\t\t<section class=\"elementor-section elementor-top-section elementor-element elementor-element-3a772ed elementor-section-boxed elementor-section-height-default elementor-section-height-default wpr-particle-no wpr-jarallax-no wpr-parallax-no wpr-sticky-section-no\" data-id=\"3a772ed\" data-element_type=\"section\">\n\t\t\t\t\t\t<div class=\"elementor-container elementor-column-gap-default\">\n\t\t\t\t\t<div class=\"elementor-column elementor-col-100 elementor-top-column elementor-element elementor-element-87d5ced\" data-id=\"87d5ced\" data-element_type=\"column\">\n\t\t\t<div class=\"elementor-widget-wrap elementor-element-populated\">\n\t\t\t\t\t\t<div class=\"elementor-element elementor-element-edc537e elementor-widget elementor-widget-heading\" data-id=\"edc537e\" data-element_type=\"widget\" data-widget_type=\"heading.default\">\n\t\t\t\t<div class=\"elementor-widget-container\">\n\t\t\t\t\t<h2 class=\"elementor-heading-title elementor-size-default\">Boite \u00e0 gorge<\/h2>\t\t\t\t<\/div>\n\t\t\t\t<\/div>\n\t\t\t\t\t<\/div>\n\t\t<\/div>\n\t\t\t\t\t<\/div>\n\t\t<\/section>\n\t\t\t\t<section class=\"elementor-section elementor-top-section elementor-element elementor-element-b22ea38 elementor-section-boxed elementor-section-height-default elementor-section-height-default wpr-particle-no wpr-jarallax-no wpr-parallax-no wpr-sticky-section-no\" data-id=\"b22ea38\" data-element_type=\"section\">\n\t\t\t\t\t\t<div class=\"elementor-container elementor-column-gap-default\">\n\t\t\t\t\t<div class=\"elementor-column elementor-col-100 elementor-top-column elementor-element elementor-element-aa152b3\" data-id=\"aa152b3\" data-element_type=\"column\">\n\t\t\t<div class=\"elementor-widget-wrap elementor-element-populated\">\n\t\t\t\t\t\t<div class=\"elementor-element elementor-element-6e98576 elementor-widget-divider--view-line elementor-widget elementor-widget-divider\" data-id=\"6e98576\" data-element_type=\"widget\" data-widget_type=\"divider.default\">\n\t\t\t\t<div class=\"elementor-widget-container\">\n\t\t\t\t\t\t\t<div class=\"elementor-divider\">\n\t\t\t<span class=\"elementor-divider-separator\">\n\t\t\t\t\t\t<\/span>\n\t\t<\/div>\n\t\t\t\t\t\t<\/div>\n\t\t\t\t<\/div>\n\t\t\t\t<section class=\"elementor-section elementor-inner-section elementor-element elementor-element-006e20c elementor-section-boxed elementor-section-height-default elementor-section-height-default wpr-particle-no wpr-jarallax-no wpr-parallax-no wpr-sticky-section-no\" data-id=\"006e20c\" data-element_type=\"section\">\n\t\t\t\t\t\t<div class=\"elementor-container elementor-column-gap-default\">\n\t\t\t\t\t<div class=\"elementor-column elementor-col-50 elementor-inner-column elementor-element elementor-element-9c0f7b4\" data-id=\"9c0f7b4\" data-element_type=\"column\">\n\t\t\t<div class=\"elementor-widget-wrap elementor-element-populated\">\n\t\t\t\t\t\t<div class=\"elementor-element elementor-element-76fb04c elementor-widget elementor-widget-text-editor\" data-id=\"76fb04c\" data-element_type=\"widget\" data-widget_type=\"text-editor.default\">\n\t\t\t\t<div class=\"elementor-widget-container\">\n\t\t\t\t\t\t\t\t\t<p>El\u00e9gante et robuste , la bo\u00eete \u00e0 gorge est une solution d&#8217;emballage constitu\u00e9e de trois parties avec une collerette int\u00e9rieure appel\u00e9e \u00ab\u00a0gorge\u00a0\u00bb, elle garantie une excellante tenue et une ouverture raffin\u00e9e.<\/p>\t\t\t\t\t\t\t\t<\/div>\n\t\t\t\t<\/div>\n\t\t\t\t\t<\/div>\n\t\t<\/div>\n\t\t\t\t<div class=\"elementor-column elementor-col-50 elementor-inner-column elementor-element elementor-element-a611d08\" data-id=\"a611d08\" data-element_type=\"column\">\n\t\t\t<div class=\"elementor-widget-wrap elementor-element-populated\">\n\t\t\t\t\t\t<div class=\"elementor-element elementor-element-852eb96 elementor-widget elementor-widget-text-editor\" data-id=\"852eb96\" data-element_type=\"widget\" data-widget_type=\"text-editor.default\">\n\t\t\t\t<div class=\"elementor-widget-container\">\n\t\t\t\t\t\t\t\t\t<p>Id\u00e9ale pour le conditionnement de produits cosm\u00e9tiques, bougies et senteurs, produits de bien-\u00eatre, gourmandises raffin\u00e9es ou tous autres types d&rsquo;objets n\u00e9cessitant un \u00e9crin \u00e9l\u00e9gant.<\/p>\t\t\t\t\t\t\t\t<\/div>\n\t\t\t\t<\/div>\n\t\t\t\t\t<\/div>\n\t\t<\/div>\n\t\t\t\t\t<\/div>\n\t\t<\/section>\n\t\t\t\t\t<\/div>\n\t\t<\/div>\n\t\t\t\t\t<\/div>\n\t\t<\/section>\n\t\t\t\t<section class=\"elementor-section elementor-top-section elementor-element elementor-element-bc2850f elementor-section-boxed elementor-section-height-default elementor-section-height-default wpr-particle-no wpr-jarallax-no wpr-parallax-no wpr-sticky-section-no\" data-id=\"bc2850f\" data-element_type=\"section\">\n\t\t\t\t\t\t<div class=\"elementor-container elementor-column-gap-default\">\n\t\t\t\t\t<div class=\"elementor-column elementor-col-100 elementor-top-column elementor-element elementor-element-9b2600b\" data-id=\"9b2600b\" data-element_type=\"column\">\n\t\t\t<div class=\"elementor-widget-wrap elementor-element-populated\">\n\t\t\t\t\t\t<div class=\"elementor-element elementor-element-b65a35d elementor-widget-divider--separator-type-pattern elementor-widget-divider--view-line elementor-widget elementor-widget-divider\" data-id=\"b65a35d\" data-element_type=\"widget\" data-widget_type=\"divider.default\">\n\t\t\t\t<div class=\"elementor-widget-container\">\n\t\t\t\t\t\t\t<div class=\"elementor-divider\" style=\"--divider-pattern-url: url(&quot;data:image\/svg+xml,%3Csvg xmlns=&#039;http:\/\/www.w3.org\/2000\/svg&#039; preserveAspectRatio=&#039;none&#039; overflow=&#039;visible&#039; height=&#039;100%&#039; viewBox=&#039;0 0 24 24&#039; fill=&#039;none&#039; stroke=&#039;black&#039; stroke-width=&#039;1&#039; stroke-linecap=&#039;square&#039; stroke-miterlimit=&#039;10&#039;%3E%3Cpath d=&#039;M0,21c3.3,0,8.3-0.9,15.7-7.1c6.6-5.4,4.4-9.3,2.4-10.3c-3.4-1.8-7.7,1.3-7.3,8.8C11.2,20,17.1,21,24,21&#039;\/%3E%3C\/svg%3E&quot;);\">\n\t\t\t<span class=\"elementor-divider-separator\">\n\t\t\t\t\t\t<\/span>\n\t\t<\/div>\n\t\t\t\t\t\t<\/div>\n\t\t\t\t<\/div>\n\t\t\t\t<div class=\"elementor-element elementor-element-f3ab650 elementor-widget elementor-widget-heading\" data-id=\"f3ab650\" data-element_type=\"widget\" data-widget_type=\"heading.default\">\n\t\t\t\t<div class=\"elementor-widget-container\">\n\t\t\t\t\t<h2 class=\"elementor-heading-title elementor-size-default\">Nos r\u00e9alisations<\/h2>\t\t\t\t<\/div>\n\t\t\t\t<\/div>\n\t\t\t\t\t<\/div>\n\t\t<\/div>\n\t\t\t\t\t<\/div>\n\t\t<\/section>\n\t\t\t\t<section class=\"elementor-section elementor-top-section elementor-element elementor-element-baad47a elementor-section-boxed elementor-section-height-default elementor-section-height-default wpr-particle-no wpr-jarallax-no wpr-parallax-no wpr-sticky-section-no\" data-id=\"baad47a\" data-element_type=\"section\">\n\t\t\t\t\t\t<div class=\"elementor-container elementor-column-gap-default\">\n\t\t\t\t\t<div class=\"elementor-column elementor-col-100 elementor-top-column elementor-element elementor-element-e0a6bd8\" data-id=\"e0a6bd8\" data-element_type=\"column\">\n\t\t\t<div class=\"elementor-widget-wrap elementor-element-populated\">\n\t\t\t\t\t\t<div class=\"elementor-element elementor-element-c3e39d7 elementor-arrows-position-inside elementor-pagination-position-outside elementor-widget elementor-widget-image-carousel\" data-id=\"c3e39d7\" data-element_type=\"widget\" data-settings=\"{&quot;navigation&quot;:&quot;both&quot;,&quot;autoplay&quot;:&quot;yes&quot;,&quot;pause_on_hover&quot;:&quot;yes&quot;,&quot;pause_on_interaction&quot;:&quot;yes&quot;,&quot;autoplay_speed&quot;:5000,&quot;infinite&quot;:&quot;yes&quot;,&quot;speed&quot;:500}\" data-widget_type=\"image-carousel.default\">\n\t\t\t\t<div class=\"elementor-widget-container\">\n\t\t\t\t\t\t\t<div class=\"elementor-image-carousel-wrapper swiper\" role=\"region\" aria-roledescription=\"carousel\" aria-label=\"Carrousel d\u2019images\" dir=\"ltr\">\n\t\t\t<div class=\"elementor-image-carousel swiper-wrapper\" aria-live=\"off\">\n\t\t\t\t\t\t\t\t<div class=\"swiper-slide\" role=\"group\" aria-roledescription=\"slide\" aria-label=\"1 sur 9\"><figure class=\"swiper-slide-inner\"><img decoding=\"async\" class=\"swiper-slide-image\" src=\"https:\/\/spinnpack.fr\/wp-content\/uploads\/2025\/06\/J50B8691-200x300.jpg\" alt=\"J50B8691\" \/><\/figure><\/div><div class=\"swiper-slide\" role=\"group\" aria-roledescription=\"slide\" aria-label=\"2 sur 9\"><figure class=\"swiper-slide-inner\"><img decoding=\"async\" class=\"swiper-slide-image\" src=\"https:\/\/spinnpack.fr\/wp-content\/uploads\/2025\/06\/boite-luxes2-300x300.jpg\" alt=\"boite luxes2\" \/><\/figure><\/div><div class=\"swiper-slide\" role=\"group\" aria-roledescription=\"slide\" aria-label=\"3 sur 9\"><figure class=\"swiper-slide-inner\"><img decoding=\"async\" class=\"swiper-slide-image\" src=\"https:\/\/spinnpack.fr\/wp-content\/uploads\/2023\/02\/J50B8731-200x300.jpg\" alt=\"J50B8731\" \/><\/figure><\/div><div class=\"swiper-slide\" role=\"group\" aria-roledescription=\"slide\" aria-label=\"4 sur 9\"><figure class=\"swiper-slide-inner\"><img decoding=\"async\" class=\"swiper-slide-image\" src=\"https:\/\/spinnpack.fr\/wp-content\/uploads\/2023\/02\/J50B8695-300x200.jpg\" alt=\"J50B8695\" \/><\/figure><\/div><div class=\"swiper-slide\" role=\"group\" aria-roledescription=\"slide\" aria-label=\"5 sur 9\"><figure class=\"swiper-slide-inner\"><img decoding=\"async\" class=\"swiper-slide-image\" src=\"https:\/\/spinnpack.fr\/wp-content\/uploads\/2023\/02\/IMG_4584-300x225.jpg\" alt=\"IMG_4584\" \/><\/figure><\/div><div class=\"swiper-slide\" role=\"group\" aria-roledescription=\"slide\" aria-label=\"6 sur 9\"><figure class=\"swiper-slide-inner\"><img decoding=\"async\" class=\"swiper-slide-image\" src=\"https:\/\/spinnpack.fr\/wp-content\/uploads\/2025\/06\/vanille-300x236.png\" alt=\"vanille\" \/><\/figure><\/div><div class=\"swiper-slide\" role=\"group\" aria-roledescription=\"slide\" aria-label=\"7 sur 9\"><figure class=\"swiper-slide-inner\"><img decoding=\"async\" class=\"swiper-slide-image\" src=\"https:\/\/spinnpack.fr\/wp-content\/uploads\/2025\/06\/Gala_3d-1-300x169.jpg\" alt=\"Gala_3d\" \/><\/figure><\/div><div class=\"swiper-slide\" role=\"group\" aria-roledescription=\"slide\" aria-label=\"8 sur 9\"><figure class=\"swiper-slide-inner\"><img decoding=\"async\" class=\"swiper-slide-image\" src=\"https:\/\/spinnpack.fr\/wp-content\/uploads\/2021\/12\/J50B0706-300x200.jpg\" alt=\"J50B0706\" \/><\/figure><\/div><div class=\"swiper-slide\" role=\"group\" aria-roledescription=\"slide\" aria-label=\"9 sur 9\"><figure class=\"swiper-slide-inner\"><img decoding=\"async\" class=\"swiper-slide-image\" src=\"https:\/\/spinnpack.fr\/wp-content\/uploads\/2025\/06\/mulot-300x300.png\" alt=\"mulot\" \/><\/figure><\/div>\t\t\t<\/div>\n\t\t\t\t\t\t\t\t\t\t\t\t<div class=\"elementor-swiper-button elementor-swiper-button-prev\" role=\"button\" tabindex=\"0\">\n\t\t\t\t\t\t<i aria-hidden=\"true\" class=\"eicon-chevron-left\"><\/i>\t\t\t\t\t<\/div>\n\t\t\t\t\t<div class=\"elementor-swiper-button elementor-swiper-button-next\" role=\"button\" tabindex=\"0\">\n\t\t\t\t\t\t<i aria-hidden=\"true\" class=\"eicon-chevron-right\"><\/i>\t\t\t\t\t<\/div>\n\t\t\t\t\n\t\t\t\t\t\t\t\t\t<div class=\"swiper-pagination\"><\/div>\n\t\t\t\t\t\t\t\t\t<\/div>\n\t\t\t\t\t\t<\/div>\n\t\t\t\t<\/div>\n\t\t\t\t\t<\/div>\n\t\t<\/div>\n\t\t\t\t\t<\/div>\n\t\t<\/section>\n\t\t\t\t<\/div>\n\t\t","protected":false},"excerpt":{"rendered":"<p>Boite \u00e0 gorge El\u00e9gante et robuste , la bo\u00eete \u00e0 gorge est une solution d&#8217;emballage constitu\u00e9e de trois parties avec une collerette int\u00e9rieure appel\u00e9e \u00ab\u00a0gorge\u00a0\u00bb, elle garantie une excellante tenue et une ouverture raffin\u00e9e. Id\u00e9ale pour le conditionnement de produits cosm\u00e9tiques, bougies et senteurs, produits de bien-\u00eatre, gourmandises raffin\u00e9es ou tous autres types d&rsquo;objets n\u00e9cessitant un \u00e9crin \u00e9l\u00e9gant. Nos r\u00e9alisations<\/p>\n","protected":false},"author":1,"featured_media":2144,"parent":0,"menu_order":0,"comment_status":"closed","ping_status":"closed","template":"","meta":{"footnotes":""},"class_list":["post-2535","page","type-page","status-publish","has-post-thumbnail","hentry"],"yoast_head":"<!-- This site is optimized with the Yoast SEO plugin v25.3.1 - https:\/\/yoast.com\/wordpress\/plugins\/seo\/ -->\n<title>Boite \u00e0 gorge - Spinnpack<\/title>\n<meta name=\"description\" content=\"Bo\u00eete \u00e0 gorge en carton sur mesure, alliant \u00e9l\u00e9gance et praticit\u00e9 pour prot\u00e9ger et mettre en valeur vos produits. Option de dorure ou vernis.\" \/>\n<meta name=\"robots\" content=\"index, follow, max-snippet:-1, max-image-preview:large, max-video-preview:-1\" \/>\n<link rel=\"canonical\" href=\"https:\/\/spinnpack.fr\/?page_id=2535\" \/>\n<meta property=\"og:locale\" content=\"fr_FR\" \/>\n<meta property=\"og:type\" content=\"article\" \/>\n<meta property=\"og:title\" content=\"Boite \u00e0 gorge - Spinnpack\" \/>\n<meta property=\"og:description\" content=\"Bo\u00eete \u00e0 gorge en carton sur mesure, alliant \u00e9l\u00e9gance et praticit\u00e9 pour prot\u00e9ger et mettre en valeur vos produits. Option de dorure ou vernis.\" \/>\n<meta property=\"og:url\" content=\"https:\/\/spinnpack.fr\/?page_id=2535\" \/>\n<meta property=\"og:site_name\" content=\"Spinnpack\" \/>\n<meta property=\"article:modified_time\" content=\"2026-03-11T09:10:07+00:00\" \/>\n<meta property=\"og:image\" content=\"https:\/\/spinnpack.fr\/wp-content\/uploads\/2025\/06\/boite-luxes2.jpg\" \/>\n\t<meta property=\"og:image:width\" content=\"1315\" \/>\n\t<meta property=\"og:image:height\" content=\"1319\" \/>\n\t<meta property=\"og:image:type\" content=\"image\/jpeg\" \/>\n<meta name=\"twitter:card\" content=\"summary_large_image\" \/>\n<meta name=\"twitter:label1\" content=\"Dur\u00e9e de lecture estim\u00e9e\" \/>\n\t<meta name=\"twitter:data1\" content=\"3 minutes\" \/>\n<script type=\"application\/ld+json\" class=\"yoast-schema-graph\">{\"@context\":\"https:\/\/schema.org\",\"@graph\":[{\"@type\":\"WebPage\",\"@id\":\"https:\/\/spinnpack.fr\/?page_id=2535\",\"url\":\"https:\/\/spinnpack.fr\/?page_id=2535\",\"name\":\"Boite \u00e0 gorge - Spinnpack\",\"isPartOf\":{\"@id\":\"https:\/\/spinnpack.fr\/#website\"},\"primaryImageOfPage\":{\"@id\":\"https:\/\/spinnpack.fr\/?page_id=2535#primaryimage\"},\"image\":{\"@id\":\"https:\/\/spinnpack.fr\/?page_id=2535#primaryimage\"},\"thumbnailUrl\":\"https:\/\/spinnpack.fr\/wp-content\/uploads\/2025\/06\/boite-luxes2.jpg\",\"datePublished\":\"2026-02-03T09:24:29+00:00\",\"dateModified\":\"2026-03-11T09:10:07+00:00\",\"description\":\"Bo\u00eete \u00e0 gorge en carton sur mesure, alliant \u00e9l\u00e9gance et praticit\u00e9 pour prot\u00e9ger et mettre en valeur vos produits. Option de dorure ou vernis.\",\"breadcrumb\":{\"@id\":\"https:\/\/spinnpack.fr\/?page_id=2535#breadcrumb\"},\"inLanguage\":\"fr-FR\",\"potentialAction\":[{\"@type\":\"ReadAction\",\"target\":[\"https:\/\/spinnpack.fr\/?page_id=2535\"]}]},{\"@type\":\"ImageObject\",\"inLanguage\":\"fr-FR\",\"@id\":\"https:\/\/spinnpack.fr\/?page_id=2535#primaryimage\",\"url\":\"https:\/\/spinnpack.fr\/wp-content\/uploads\/2025\/06\/boite-luxes2.jpg\",\"contentUrl\":\"https:\/\/spinnpack.fr\/wp-content\/uploads\/2025\/06\/boite-luxes2.jpg\",\"width\":1315,\"height\":1319},{\"@type\":\"BreadcrumbList\",\"@id\":\"https:\/\/spinnpack.fr\/?page_id=2535#breadcrumb\",\"itemListElement\":[{\"@type\":\"ListItem\",\"position\":1,\"name\":\"Accueil\",\"item\":\"https:\/\/spinnpack.fr\/\"},{\"@type\":\"ListItem\",\"position\":2,\"name\":\"Boite \u00e0 gorge\"}]},{\"@type\":\"WebSite\",\"@id\":\"https:\/\/spinnpack.fr\/#website\",\"url\":\"https:\/\/spinnpack.fr\/\",\"name\":\"Spinnpack\",\"description\":\"Sp\u00e9cialiste emballages cylindriques\",\"publisher\":{\"@id\":\"https:\/\/spinnpack.fr\/#organization\"},\"potentialAction\":[{\"@type\":\"SearchAction\",\"target\":{\"@type\":\"EntryPoint\",\"urlTemplate\":\"https:\/\/spinnpack.fr\/?s={search_term_string}\"},\"query-input\":{\"@type\":\"PropertyValueSpecification\",\"valueRequired\":true,\"valueName\":\"search_term_string\"}}],\"inLanguage\":\"fr-FR\"},{\"@type\":\"Organization\",\"@id\":\"https:\/\/spinnpack.fr\/#organization\",\"name\":\"Spinnpack\",\"url\":\"https:\/\/spinnpack.fr\/\",\"logo\":{\"@type\":\"ImageObject\",\"inLanguage\":\"fr-FR\",\"@id\":\"https:\/\/spinnpack.fr\/#\/schema\/logo\/image\/\",\"url\":\"https:\/\/spinnpack.fr\/wp-content\/uploads\/2023\/02\/cropped-spinnpack-favicon.jpg\",\"contentUrl\":\"https:\/\/spinnpack.fr\/wp-content\/uploads\/2023\/02\/cropped-spinnpack-favicon.jpg\",\"width\":512,\"height\":512,\"caption\":\"Spinnpack\"},\"image\":{\"@id\":\"https:\/\/spinnpack.fr\/#\/schema\/logo\/image\/\"}}]}<\/script>\n<!-- \/ Yoast SEO plugin. -->","yoast_head_json":{"title":"Boite \u00e0 gorge - Spinnpack","description":"Bo\u00eete \u00e0 gorge en carton sur mesure, alliant \u00e9l\u00e9gance et praticit\u00e9 pour prot\u00e9ger et mettre en valeur vos produits. Option de dorure ou vernis.","robots":{"index":"index","follow":"follow","max-snippet":"max-snippet:-1","max-image-preview":"max-image-preview:large","max-video-preview":"max-video-preview:-1"},"canonical":"https:\/\/spinnpack.fr\/?page_id=2535","og_locale":"fr_FR","og_type":"article","og_title":"Boite \u00e0 gorge - Spinnpack","og_description":"Bo\u00eete \u00e0 gorge en carton sur mesure, alliant \u00e9l\u00e9gance et praticit\u00e9 pour prot\u00e9ger et mettre en valeur vos produits. Option de dorure ou vernis.","og_url":"https:\/\/spinnpack.fr\/?page_id=2535","og_site_name":"Spinnpack","article_modified_time":"2026-03-11T09:10:07+00:00","og_image":[{"width":1315,"height":1319,"url":"https:\/\/spinnpack.fr\/wp-content\/uploads\/2025\/06\/boite-luxes2.jpg","type":"image\/jpeg"}],"twitter_card":"summary_large_image","twitter_misc":{"Dur\u00e9e de lecture estim\u00e9e":"3 minutes"},"schema":{"@context":"https:\/\/schema.org","@graph":[{"@type":"WebPage","@id":"https:\/\/spinnpack.fr\/?page_id=2535","url":"https:\/\/spinnpack.fr\/?page_id=2535","name":"Boite \u00e0 gorge - Spinnpack","isPartOf":{"@id":"https:\/\/spinnpack.fr\/#website"},"primaryImageOfPage":{"@id":"https:\/\/spinnpack.fr\/?page_id=2535#primaryimage"},"image":{"@id":"https:\/\/spinnpack.fr\/?page_id=2535#primaryimage"},"thumbnailUrl":"https:\/\/spinnpack.fr\/wp-content\/uploads\/2025\/06\/boite-luxes2.jpg","datePublished":"2026-02-03T09:24:29+00:00","dateModified":"2026-03-11T09:10:07+00:00","description":"Bo\u00eete \u00e0 gorge en carton sur mesure, alliant \u00e9l\u00e9gance et praticit\u00e9 pour prot\u00e9ger et mettre en valeur vos produits. Option de dorure ou vernis.","breadcrumb":{"@id":"https:\/\/spinnpack.fr\/?page_id=2535#breadcrumb"},"inLanguage":"fr-FR","potentialAction":[{"@type":"ReadAction","target":["https:\/\/spinnpack.fr\/?page_id=2535"]}]},{"@type":"ImageObject","inLanguage":"fr-FR","@id":"https:\/\/spinnpack.fr\/?page_id=2535#primaryimage","url":"https:\/\/spinnpack.fr\/wp-content\/uploads\/2025\/06\/boite-luxes2.jpg","contentUrl":"https:\/\/spinnpack.fr\/wp-content\/uploads\/2025\/06\/boite-luxes2.jpg","width":1315,"height":1319},{"@type":"BreadcrumbList","@id":"https:\/\/spinnpack.fr\/?page_id=2535#breadcrumb","itemListElement":[{"@type":"ListItem","position":1,"name":"Accueil","item":"https:\/\/spinnpack.fr\/"},{"@type":"ListItem","position":2,"name":"Boite \u00e0 gorge"}]},{"@type":"WebSite","@id":"https:\/\/spinnpack.fr\/#website","url":"https:\/\/spinnpack.fr\/","name":"Spinnpack","description":"Sp\u00e9cialiste emballages cylindriques","publisher":{"@id":"https:\/\/spinnpack.fr\/#organization"},"potentialAction":[{"@type":"SearchAction","target":{"@type":"EntryPoint","urlTemplate":"https:\/\/spinnpack.fr\/?s={search_term_string}"},"query-input":{"@type":"PropertyValueSpecification","valueRequired":true,"valueName":"search_term_string"}}],"inLanguage":"fr-FR"},{"@type":"Organization","@id":"https:\/\/spinnpack.fr\/#organization","name":"Spinnpack","url":"https:\/\/spinnpack.fr\/","logo":{"@type":"ImageObject","inLanguage":"fr-FR","@id":"https:\/\/spinnpack.fr\/#\/schema\/logo\/image\/","url":"https:\/\/spinnpack.fr\/wp-content\/uploads\/2023\/02\/cropped-spinnpack-favicon.jpg","contentUrl":"https:\/\/spinnpack.fr\/wp-content\/uploads\/2023\/02\/cropped-spinnpack-favicon.jpg","width":512,"height":512,"caption":"Spinnpack"},"image":{"@id":"https:\/\/spinnpack.fr\/#\/schema\/logo\/image\/"}}]}},"_links":{"self":[{"href":"https:\/\/spinnpack.fr\/index.php?rest_route=\/wp\/v2\/pages\/2535","targetHints":{"allow":["GET"]}}],"collection":[{"href":"https:\/\/spinnpack.fr\/index.php?rest_route=\/wp\/v2\/pages"}],"about":[{"href":"https:\/\/spinnpack.fr\/index.php?rest_route=\/wp\/v2\/types\/page"}],"author":[{"embeddable":true,"href":"https:\/\/spinnpack.fr\/index.php?rest_route=\/wp\/v2\/users\/1"}],"replies":[{"embeddable":true,"href":"https:\/\/spinnpack.fr\/index.php?rest_route=%2Fwp%2Fv2%2Fcomments&post=2535"}],"version-history":[{"count":8,"href":"https:\/\/spinnpack.fr\/index.php?rest_route=\/wp\/v2\/pages\/2535\/revisions"}],"predecessor-version":[{"id":2593,"href":"https:\/\/spinnpack.fr\/index.php?rest_route=\/wp\/v2\/pages\/2535\/revisions\/2593"}],"wp:featuredmedia":[{"embeddable":true,"href":"https:\/\/spinnpack.fr\/index.php?rest_route=\/wp\/v2\/media\/2144"}],"wp:attachment":[{"href":"https:\/\/spinnpack.fr\/index.php?rest_route=%2Fwp%2Fv2%2Fmedia&parent=2535"}],"curies":[{"name":"wp","href":"https:\/\/api.w.org\/{rel}","templated":true}]}}