{"id":2540,"date":"2026-02-03T10:37:27","date_gmt":"2026-02-03T09:37:27","guid":{"rendered":"https:\/\/spinnpack.fr\/?page_id=2540"},"modified":"2026-03-10T13:38:06","modified_gmt":"2026-03-10T12:38:06","slug":"dessus-metal","status":"publish","type":"page","link":"https:\/\/spinnpack.fr\/?page_id=2540","title":{"rendered":"dessus m\u00e9tal"},"content":{"rendered":"\t\t<div data-elementor-type=\"wp-page\" data-elementor-id=\"2540\" class=\"elementor elementor-2540\">\n\t\t\t\t\t\t<section class=\"elementor-section elementor-top-section elementor-element elementor-element-4cf027060 elementor-section-full_width elementor-section-height-default elementor-section-height-default wpr-particle-no wpr-jarallax-no wpr-parallax-no wpr-sticky-section-no\" data-id=\"4cf027060\" data-element_type=\"section\">\n\t\t\t\t\t\t<div class=\"elementor-container elementor-column-gap-narrow\">\n\t\t\t\t\t<div class=\"elementor-column elementor-col-100 elementor-top-column elementor-element elementor-element-a237aca\" data-id=\"a237aca\" data-element_type=\"column\">\n\t\t\t<div class=\"elementor-widget-wrap elementor-element-populated\">\n\t\t\t\t\t\t<div class=\"elementor-element elementor-element-3071d787 wpr-adv-slider-columns-1 wpr-adv-slider-columns--tablet1 wpr-adv-slider-columns--mobile1 wpr-adv-slides-to-scroll-1 wpr-slider-dots-horizontal elementor-widget elementor-widget-wpr-advanced-slider\" data-id=\"3071d787\" data-element_type=\"widget\" data-settings=\"{&quot;slider_amount&quot;:&quot;1&quot;,&quot;slider_amount_tablet&quot;:1,&quot;slider_amount_mobile&quot;:1,&quot;slides_to_scroll&quot;:1,&quot;slider_loop&quot;:&quot;yes&quot;,&quot;slider_hide_video_content&quot;:&quot;yes&quot;,&quot;slider_video_btn_size&quot;:&quot;medium&quot;}\" data-widget_type=\"wpr-advanced-slider.default\">\n\t\t\t\t<div class=\"elementor-widget-container\">\n\t\t\t\t\t\n\t\t<!-- Advanced Slider -->\n\t\t<div class=\"wpr-advanced-slider-wrap\">\n\t\t\t\n\t\t\t<div class=\"wpr-advanced-slider\" dir=\"ltr\" data-slick=\"{&quot;rtl&quot;:false,&quot;infinite&quot;:true,&quot;speed&quot;:700,&quot;arrows&quot;:true,&quot;dots&quot;:true,&quot;autoplay&quot;:false,&quot;autoplaySpeed&quot;:0,&quot;pauseOnHover&quot;:&quot;&quot;,&quot;prevArrow&quot;:&quot;#wpr-slider-prev-3071d787&quot;,&quot;nextArrow&quot;:&quot;#wpr-slider-next-3071d787&quot;,&quot;vertical&quot;:false,&quot;adaptiveHeight&quot;:true}\" data-hide-video-content=\"yes\" data-video-btn-size=\"{&quot;widescreen&quot;:&quot;medium&quot;,&quot;desktop&quot;:&quot;medium&quot;,&quot;laptop&quot;:&quot;medium&quot;,&quot;tablet_extra&quot;:&quot;medium&quot;,&quot;tablet&quot;:&quot;medium&quot;,&quot;mobile_extra&quot;:&quot;medium&quot;,&quot;mobile&quot;:&quot;medium&quot;}\" data-slide-effect=\"slide\">\n\t\t\t\t<div class=\"wpr-slider-item elementor-repeater-item-af2bb90\"><div class=\"wpr-slider-item-bg \" style=\"background-image: url(https:\/\/spinnpack.fr\/wp-content\/uploads\/2023\/02\/J50B8720-scaled.jpg)\"><\/div><div class=\"wpr-cv-container\"><div class=\"wpr-cv-outer\"><div class=\"wpr-cv-inner\"><div class=\"wpr-slider-content\"><div class=\"wpr-slider-title\"><h2>Bo\u00eete ronde en carton<\/h2><\/div><div class=\"wpr-slider-sub-title\"><h3>Couvercle m\u00e9tal<\/h3><\/div><div class=\"wpr-slider-description\"><p>Alliant carton et couvercle m\u00e9tal encliquetable, nos bo\u00eetes offrent une solution \u00e0 la fois rigide, durable et personnalisable, id\u00e9ale pour sublimer vos produits.<\/p><\/div><div class=\"wpr-slider-btns\"><a class=\"wpr-slider-primary-btn\" href=\"#\">Explore Now<\/a><a class=\"wpr-slider-secondary-btn\" href=\"#\">Read More<\/a><\/div><\/div><\/div><\/div><\/div><\/div>\t\t\t<\/div>\n\t\t\t<div class=\"wpr-slider-controls\">\n\t\t\t\t<div class=\"wpr-slider-dots\"><\/div>\n\t\t\t<\/div>\n\n\t\t\t<div class=\"wpr-slider-arrow-container\">\n\t\t\t\t<div class=\"wpr-slider-prev-arrow wpr-slider-arrow\" id=\"wpr-slider-prev-3071d787\">\n\t\t\t\t\t\t\t\t\t<\/div>\n\t\t\t\t<div class=\"wpr-slider-next-arrow wpr-slider-arrow\" id=\"wpr-slider-next-3071d787\">\n\t\t\t\t\t\t\t\t\t<\/div>\n\t\t\t<\/div>\n\t\t\t\n\t\t\t\n\t\t<\/div>\n\t\t\t\t\t\t<\/div>\n\t\t\t\t<\/div>\n\t\t\t\t\t<\/div>\n\t\t<\/div>\n\t\t\t\t\t<\/div>\n\t\t<\/section>\n\t\t\t\t<section class=\"elementor-section elementor-top-section elementor-element elementor-element-3302cf930 elementor-section-boxed elementor-section-height-default elementor-section-height-default wpr-particle-no wpr-jarallax-no wpr-parallax-no wpr-sticky-section-no\" data-id=\"3302cf930\" data-element_type=\"section\">\n\t\t\t\t\t\t<div class=\"elementor-container elementor-column-gap-default\">\n\t\t\t\t\t<div class=\"elementor-column elementor-col-100 elementor-top-column elementor-element elementor-element-7760ccb8\" data-id=\"7760ccb8\" data-element_type=\"column\">\n\t\t\t<div class=\"elementor-widget-wrap elementor-element-populated\">\n\t\t\t\t\t\t<div class=\"elementor-element elementor-element-68bb3a9a elementor-widget elementor-widget-heading\" data-id=\"68bb3a9a\" data-element_type=\"widget\" data-widget_type=\"heading.default\">\n\t\t\t\t<div class=\"elementor-widget-container\">\n\t\t\t\t\t<h2 class=\"elementor-heading-title elementor-size-default\">Nos r\u00e9alisations<\/h2>\t\t\t\t<\/div>\n\t\t\t\t<\/div>\n\t\t\t\t<div class=\"elementor-element elementor-element-31ac5c90 elementor-widget elementor-widget-text-editor\" data-id=\"31ac5c90\" data-element_type=\"widget\" data-widget_type=\"text-editor.default\">\n\t\t\t\t<div class=\"elementor-widget-container\">\n\t\t\t\t\t\t\t\t\t<p>Des solutions adapt\u00e9es \u00e0 diff\u00e9rents secteurs d&rsquo;activit\u00e9.<\/p>\t\t\t\t\t\t\t\t<\/div>\n\t\t\t\t<\/div>\n\t\t\t\t\t<\/div>\n\t\t<\/div>\n\t\t\t\t\t<\/div>\n\t\t<\/section>\n\t\t\t\t<section class=\"elementor-section elementor-top-section elementor-element elementor-element-3d088ad20 elementor-section-boxed elementor-section-height-default elementor-section-height-default wpr-particle-no wpr-jarallax-no wpr-parallax-no wpr-sticky-section-no\" data-id=\"3d088ad20\" data-element_type=\"section\">\n\t\t\t\t\t\t<div class=\"elementor-container elementor-column-gap-default\">\n\t\t\t\t\t<div class=\"elementor-column elementor-col-33 elementor-top-column elementor-element elementor-element-1dbce51\" data-id=\"1dbce51\" data-element_type=\"column\">\n\t\t\t<div class=\"elementor-widget-wrap elementor-element-populated\">\n\t\t\t\t\t\t<div class=\"elementor-element elementor-element-5f68c895 wpr-flip-box-anim-direction-up wpr-flip-box-front-align-left wpr-flip-box-animation-flip wpr-flip-box-animation-3d-yes wpr-flip-box-back-align-center elementor-widget elementor-widget-wpr-flip-box\" data-id=\"5f68c895\" data-element_type=\"widget\" data-widget_type=\"wpr-flip-box.default\">\n\t\t\t\t<div class=\"elementor-widget-container\">\n\t\t\t\t\t\t\t\t\n\t\t<div class=\"wpr-flip-box\" data-trigger=\"hover\">\n\t\t\t\n\t\t\t<div class=\"wpr-flip-box-item wpr-flip-box-front wpr-anim-timing-ease-default\">\n\n\t\t\t\t<div class=\"wpr-flip-box-overlay\"><\/div>\n\n\t\t\t\t<div class=\"wpr-flip-box-content\">\n\t\t\t\t\t\n\t\t\t\t\t\t\t\t\t\t\n\t\t\t\t\t\n\t\t\t\t\t\t\n\n\t\t\t\t\t\t\n\n\t\t\t\t<\/div>\n\t\t\t<\/div>\n\n\t\t\t<div class=\"wpr-flip-box-item wpr-flip-box-back wpr-anim-timing-ease-default\">\n\n\t\t\t\t<div class=\"wpr-flip-box-overlay\"><\/div>\n\t\t\t\t\n\t\t\t\t<div class=\"wpr-flip-box-content\">\n\t\t\t\t\t\n\t\t\t\t\t\n\t\t\t\t\t\t\t\t\t\t\n\t\t\t\t\t\t\t\t\t\t\t<h3 class=\"wpr-flip-box-title\">\n\t\t\t\t\t\t\tId\u00e9al pour un packaging bougie\t\t\t\t\t\t<\/h3>\n\t\t\t\t\t\n\t\t\t\t\t\t\t\t\t\t\t<div class=\"wpr-flip-box-description\"><p>Bo\u00eete carton pour bougie, assurant protection et valorisation du produit.<\/p><\/div>\t\t\t\t\t\t\n\t\t\t\t\t\t\n\n\t\t\t\t\t\t\n\n\t\t\t\t<\/div>\n\t\t\t<\/div>\n\t\t<\/div>\n\n\t\t\t\t\t\t<\/div>\n\t\t\t\t<\/div>\n\t\t\t\t\t<\/div>\n\t\t<\/div>\n\t\t\t\t<div class=\"elementor-column elementor-col-33 elementor-top-column elementor-element elementor-element-7b69562f\" data-id=\"7b69562f\" data-element_type=\"column\">\n\t\t\t<div class=\"elementor-widget-wrap elementor-element-populated\">\n\t\t\t\t\t\t<div class=\"elementor-element elementor-element-3cbff5bc wpr-flip-box-animation-flip wpr-flip-box-animation-3d-yes wpr-flip-box-anim-direction-right wpr-flip-box-front-align-center wpr-flip-box-back-align-center elementor-widget elementor-widget-wpr-flip-box\" data-id=\"3cbff5bc\" data-element_type=\"widget\" data-widget_type=\"wpr-flip-box.default\">\n\t\t\t\t<div class=\"elementor-widget-container\">\n\t\t\t\t\t\t\t\t\n\t\t<div class=\"wpr-flip-box\" data-trigger=\"hover\">\n\t\t\t\n\t\t\t<div class=\"wpr-flip-box-item wpr-flip-box-front wpr-anim-timing-ease-in-out-quad\">\n\n\t\t\t\t<div class=\"wpr-flip-box-overlay\"><\/div>\n\n\t\t\t\t<div class=\"wpr-flip-box-content\">\n\t\t\t\t\t\n\t\t\t\t\t\t\t\t\t\t\n\t\t\t\t\t\n\t\t\t\t\t\t\n\n\t\t\t\t\t\t\n\n\t\t\t\t<\/div>\n\t\t\t<\/div>\n\n\t\t\t<div class=\"wpr-flip-box-item wpr-flip-box-back wpr-anim-timing-ease-in-out-quad\">\n\n\t\t\t\t<div class=\"wpr-flip-box-overlay\"><\/div>\n\t\t\t\t\n\t\t\t\t<div class=\"wpr-flip-box-content\">\n\t\t\t\t\t\n\t\t\t\t\t\t\t\t\t\t<a class=\"wpr-flip-box-link\" ><\/a>\t\n\t\t\t\t\t\n\t\t\t\t\t\t\t\t\t\t\n\t\t\t\t\t\t\t\t\t\t\t<h3 class=\"wpr-flip-box-title\">\n\t\t\t\t\t\t\tPackaging parfait pour de la glace !\t\t\t\t\t\t<\/h3>\n\t\t\t\t\t\n\t\t\t\t\t\t\t\t\t\t\t<div class=\"wpr-flip-box-description\"><p>Bo\u00eete en carton con\u00e7ue pour le conditionnement de glace artisanale, associ\u00e9 \u00e0 une couverture en m\u00e9tal pour une fermeture herm\u00e9tique et une conservation optimale.<\/p><\/div>\t\t\t\t\t\t\n\t\t\t\t\t\t\n\n\t\t\t\t\t\t\n\n\t\t\t\t<\/div>\n\t\t\t<\/div>\n\t\t<\/div>\n\n\t\t\t\t\t\t<\/div>\n\t\t\t\t<\/div>\n\t\t\t\t\t<\/div>\n\t\t<\/div>\n\t\t\t\t<div class=\"elementor-column elementor-col-33 elementor-top-column elementor-element elementor-element-1b80104a\" data-id=\"1b80104a\" data-element_type=\"column\">\n\t\t\t<div class=\"elementor-widget-wrap elementor-element-populated\">\n\t\t\t\t\t\t<div class=\"elementor-element elementor-element-35c521c2 wpr-flip-box-anim-direction-down wpr-flip-box-animation-flip wpr-flip-box-animation-3d-yes wpr-flip-box-front-align-center wpr-flip-box-back-align-center elementor-widget elementor-widget-wpr-flip-box\" data-id=\"35c521c2\" data-element_type=\"widget\" data-widget_type=\"wpr-flip-box.default\">\n\t\t\t\t<div class=\"elementor-widget-container\">\n\t\t\t\t\t\t\t\t\n\t\t<div class=\"wpr-flip-box\" data-trigger=\"hover\">\n\t\t\t\n\t\t\t<div class=\"wpr-flip-box-item wpr-flip-box-front wpr-anim-timing-ease-in-out-quad\">\n\n\t\t\t\t<div class=\"wpr-flip-box-overlay\"><\/div>\n\n\t\t\t\t<div class=\"wpr-flip-box-content\">\n\t\t\t\t\t\n\t\t\t\t\t\t\t\t\t\t\n\t\t\t\t\t\n\t\t\t\t\t\t\n\n\t\t\t\t\t\t\n\n\t\t\t\t<\/div>\n\t\t\t<\/div>\n\n\t\t\t<div class=\"wpr-flip-box-item wpr-flip-box-back wpr-anim-timing-ease-in-out-quad\">\n\n\t\t\t\t<div class=\"wpr-flip-box-overlay\"><\/div>\n\t\t\t\t\n\t\t\t\t<div class=\"wpr-flip-box-content\">\n\t\t\t\t\t\n\t\t\t\t\t\t\t\t\t\t<a class=\"wpr-flip-box-link\" ><\/a>\t\n\t\t\t\t\t\n\t\t\t\t\t\t\t\t\t\t\n\t\t\t\t\t\t\t\t\t\t\t<h3 class=\"wpr-flip-box-title\">\n\t\t\t\t\t\t\tId\u00e9al pour le secteur de la parfumerie\t\t\t\t\t\t<\/h3>\n\t\t\t\t\t\n\t\t\t\t\t\t\t\t\t\t\t<div class=\"wpr-flip-box-description\"><p>Etui en carton destin\u00e9 au conditionnement de parfum, con\u00e7ue pour garantir la protection du flacon tout en valorisant le produit.<\/p><\/div>\t\t\t\t\t\t\n\t\t\t\t\t\t\n\n\t\t\t\t\t\t\n\n\t\t\t\t<\/div>\n\t\t\t<\/div>\n\t\t<\/div>\n\n\t\t\t\t\t\t<\/div>\n\t\t\t\t<\/div>\n\t\t\t\t\t<\/div>\n\t\t<\/div>\n\t\t\t\t\t<\/div>\n\t\t<\/section>\n\t\t\t\t<\/div>\n\t\t","protected":false},"excerpt":{"rendered":"<p>Bo\u00eete ronde en carton Couvercle m\u00e9tal Alliant carton et couvercle m\u00e9tal encliquetable, nos bo\u00eetes offrent une solution \u00e0 la fois rigide, durable et personnalisable, id\u00e9ale pour sublimer vos produits. Explore NowRead More Nos r\u00e9alisations Des solutions adapt\u00e9es \u00e0 diff\u00e9rents secteurs d&rsquo;activit\u00e9. Id\u00e9al pour un packaging bougie Bo\u00eete carton pour bougie, assurant protection et valorisation du produit. Packaging parfait pour de la glace ! Bo\u00eete en carton con\u00e7ue pour le conditionnement de glace artisanale, associ\u00e9 \u00e0 une couverture en m\u00e9tal pour une fermeture herm\u00e9tique et une conservation optimale. Id\u00e9al pour le secteur de la parfumerie Etui en carton destin\u00e9 au conditionnement de parfum, con\u00e7ue pour garantir la protection du flacon tout en valorisant le produit.<\/p>\n","protected":false},"author":1,"featured_media":1814,"parent":0,"menu_order":0,"comment_status":"closed","ping_status":"closed","template":"","meta":{"footnotes":""},"class_list":["post-2540","page","type-page","status-publish","has-post-thumbnail","hentry"],"yoast_head":"<!-- This site is optimized with the Yoast SEO plugin v25.3.1 - https:\/\/yoast.com\/wordpress\/plugins\/seo\/ -->\n<title>dessus m\u00e9tal - Spinnpack<\/title>\n<meta name=\"robots\" content=\"index, follow, max-snippet:-1, max-image-preview:large, max-video-preview:-1\" \/>\n<link rel=\"canonical\" href=\"https:\/\/spinnpack.fr\/?page_id=2540\" \/>\n<meta property=\"og:locale\" content=\"fr_FR\" \/>\n<meta property=\"og:type\" content=\"article\" \/>\n<meta property=\"og:title\" content=\"dessus m\u00e9tal - Spinnpack\" \/>\n<meta property=\"og:description\" content=\"Bo\u00eete ronde en carton Couvercle m\u00e9tal Alliant carton et couvercle m\u00e9tal encliquetable, nos bo\u00eetes offrent une solution \u00e0 la fois rigide, durable et personnalisable, id\u00e9ale pour sublimer vos produits. Explore NowRead More Nos r\u00e9alisations Des solutions adapt\u00e9es \u00e0 diff\u00e9rents secteurs d&rsquo;activit\u00e9. Id\u00e9al pour un packaging bougie Bo\u00eete carton pour bougie, assurant protection et valorisation du produit. Packaging parfait pour de la glace ! Bo\u00eete en carton con\u00e7ue pour le conditionnement de glace artisanale, associ\u00e9 \u00e0 une couverture en m\u00e9tal pour une fermeture herm\u00e9tique et une conservation optimale. Id\u00e9al pour le secteur de la parfumerie Etui en carton destin\u00e9 au conditionnement de parfum, con\u00e7ue pour garantir la protection du flacon tout en valorisant le produit.\" \/>\n<meta property=\"og:url\" content=\"https:\/\/spinnpack.fr\/?page_id=2540\" \/>\n<meta property=\"og:site_name\" content=\"Spinnpack\" \/>\n<meta property=\"article:modified_time\" content=\"2026-03-10T12:38:06+00:00\" \/>\n<meta property=\"og:image\" content=\"https:\/\/spinnpack.fr\/wp-content\/uploads\/2023\/02\/J50B8720-scaled.jpg\" \/>\n\t<meta property=\"og:image:width\" content=\"2560\" \/>\n\t<meta property=\"og:image:height\" content=\"1707\" \/>\n\t<meta property=\"og:image:type\" content=\"image\/jpeg\" \/>\n<meta name=\"twitter:card\" content=\"summary_large_image\" \/>\n<meta name=\"twitter:label1\" content=\"Dur\u00e9e de lecture estim\u00e9e\" \/>\n\t<meta name=\"twitter:data1\" content=\"1 minute\" \/>\n<script type=\"application\/ld+json\" class=\"yoast-schema-graph\">{\"@context\":\"https:\/\/schema.org\",\"@graph\":[{\"@type\":\"WebPage\",\"@id\":\"https:\/\/spinnpack.fr\/?page_id=2540\",\"url\":\"https:\/\/spinnpack.fr\/?page_id=2540\",\"name\":\"dessus m\u00e9tal - Spinnpack\",\"isPartOf\":{\"@id\":\"https:\/\/spinnpack.fr\/#website\"},\"primaryImageOfPage\":{\"@id\":\"https:\/\/spinnpack.fr\/?page_id=2540#primaryimage\"},\"image\":{\"@id\":\"https:\/\/spinnpack.fr\/?page_id=2540#primaryimage\"},\"thumbnailUrl\":\"https:\/\/spinnpack.fr\/wp-content\/uploads\/2023\/02\/J50B8720-scaled.jpg\",\"datePublished\":\"2026-02-03T09:37:27+00:00\",\"dateModified\":\"2026-03-10T12:38:06+00:00\",\"breadcrumb\":{\"@id\":\"https:\/\/spinnpack.fr\/?page_id=2540#breadcrumb\"},\"inLanguage\":\"fr-FR\",\"potentialAction\":[{\"@type\":\"ReadAction\",\"target\":[\"https:\/\/spinnpack.fr\/?page_id=2540\"]}]},{\"@type\":\"ImageObject\",\"inLanguage\":\"fr-FR\",\"@id\":\"https:\/\/spinnpack.fr\/?page_id=2540#primaryimage\",\"url\":\"https:\/\/spinnpack.fr\/wp-content\/uploads\/2023\/02\/J50B8720-scaled.jpg\",\"contentUrl\":\"https:\/\/spinnpack.fr\/wp-content\/uploads\/2023\/02\/J50B8720-scaled.jpg\",\"width\":2560,\"height\":1707},{\"@type\":\"BreadcrumbList\",\"@id\":\"https:\/\/spinnpack.fr\/?page_id=2540#breadcrumb\",\"itemListElement\":[{\"@type\":\"ListItem\",\"position\":1,\"name\":\"Accueil\",\"item\":\"https:\/\/spinnpack.fr\/\"},{\"@type\":\"ListItem\",\"position\":2,\"name\":\"dessus m\u00e9tal\"}]},{\"@type\":\"WebSite\",\"@id\":\"https:\/\/spinnpack.fr\/#website\",\"url\":\"https:\/\/spinnpack.fr\/\",\"name\":\"Spinnpack\",\"description\":\"Sp\u00e9cialiste emballages cylindriques\",\"publisher\":{\"@id\":\"https:\/\/spinnpack.fr\/#organization\"},\"potentialAction\":[{\"@type\":\"SearchAction\",\"target\":{\"@type\":\"EntryPoint\",\"urlTemplate\":\"https:\/\/spinnpack.fr\/?s={search_term_string}\"},\"query-input\":{\"@type\":\"PropertyValueSpecification\",\"valueRequired\":true,\"valueName\":\"search_term_string\"}}],\"inLanguage\":\"fr-FR\"},{\"@type\":\"Organization\",\"@id\":\"https:\/\/spinnpack.fr\/#organization\",\"name\":\"Spinnpack\",\"url\":\"https:\/\/spinnpack.fr\/\",\"logo\":{\"@type\":\"ImageObject\",\"inLanguage\":\"fr-FR\",\"@id\":\"https:\/\/spinnpack.fr\/#\/schema\/logo\/image\/\",\"url\":\"https:\/\/spinnpack.fr\/wp-content\/uploads\/2023\/02\/cropped-spinnpack-favicon.jpg\",\"contentUrl\":\"https:\/\/spinnpack.fr\/wp-content\/uploads\/2023\/02\/cropped-spinnpack-favicon.jpg\",\"width\":512,\"height\":512,\"caption\":\"Spinnpack\"},\"image\":{\"@id\":\"https:\/\/spinnpack.fr\/#\/schema\/logo\/image\/\"}}]}<\/script>\n<!-- \/ Yoast SEO plugin. -->","yoast_head_json":{"title":"dessus m\u00e9tal - Spinnpack","robots":{"index":"index","follow":"follow","max-snippet":"max-snippet:-1","max-image-preview":"max-image-preview:large","max-video-preview":"max-video-preview:-1"},"canonical":"https:\/\/spinnpack.fr\/?page_id=2540","og_locale":"fr_FR","og_type":"article","og_title":"dessus m\u00e9tal - Spinnpack","og_description":"Bo\u00eete ronde en carton Couvercle m\u00e9tal Alliant carton et couvercle m\u00e9tal encliquetable, nos bo\u00eetes offrent une solution \u00e0 la fois rigide, durable et personnalisable, id\u00e9ale pour sublimer vos produits. Explore NowRead More Nos r\u00e9alisations Des solutions adapt\u00e9es \u00e0 diff\u00e9rents secteurs d&rsquo;activit\u00e9. Id\u00e9al pour un packaging bougie Bo\u00eete carton pour bougie, assurant protection et valorisation du produit. Packaging parfait pour de la glace ! Bo\u00eete en carton con\u00e7ue pour le conditionnement de glace artisanale, associ\u00e9 \u00e0 une couverture en m\u00e9tal pour une fermeture herm\u00e9tique et une conservation optimale. Id\u00e9al pour le secteur de la parfumerie Etui en carton destin\u00e9 au conditionnement de parfum, con\u00e7ue pour garantir la protection du flacon tout en valorisant le produit.","og_url":"https:\/\/spinnpack.fr\/?page_id=2540","og_site_name":"Spinnpack","article_modified_time":"2026-03-10T12:38:06+00:00","og_image":[{"width":2560,"height":1707,"url":"https:\/\/spinnpack.fr\/wp-content\/uploads\/2023\/02\/J50B8720-scaled.jpg","type":"image\/jpeg"}],"twitter_card":"summary_large_image","twitter_misc":{"Dur\u00e9e de lecture estim\u00e9e":"1 minute"},"schema":{"@context":"https:\/\/schema.org","@graph":[{"@type":"WebPage","@id":"https:\/\/spinnpack.fr\/?page_id=2540","url":"https:\/\/spinnpack.fr\/?page_id=2540","name":"dessus m\u00e9tal - Spinnpack","isPartOf":{"@id":"https:\/\/spinnpack.fr\/#website"},"primaryImageOfPage":{"@id":"https:\/\/spinnpack.fr\/?page_id=2540#primaryimage"},"image":{"@id":"https:\/\/spinnpack.fr\/?page_id=2540#primaryimage"},"thumbnailUrl":"https:\/\/spinnpack.fr\/wp-content\/uploads\/2023\/02\/J50B8720-scaled.jpg","datePublished":"2026-02-03T09:37:27+00:00","dateModified":"2026-03-10T12:38:06+00:00","breadcrumb":{"@id":"https:\/\/spinnpack.fr\/?page_id=2540#breadcrumb"},"inLanguage":"fr-FR","potentialAction":[{"@type":"ReadAction","target":["https:\/\/spinnpack.fr\/?page_id=2540"]}]},{"@type":"ImageObject","inLanguage":"fr-FR","@id":"https:\/\/spinnpack.fr\/?page_id=2540#primaryimage","url":"https:\/\/spinnpack.fr\/wp-content\/uploads\/2023\/02\/J50B8720-scaled.jpg","contentUrl":"https:\/\/spinnpack.fr\/wp-content\/uploads\/2023\/02\/J50B8720-scaled.jpg","width":2560,"height":1707},{"@type":"BreadcrumbList","@id":"https:\/\/spinnpack.fr\/?page_id=2540#breadcrumb","itemListElement":[{"@type":"ListItem","position":1,"name":"Accueil","item":"https:\/\/spinnpack.fr\/"},{"@type":"ListItem","position":2,"name":"dessus m\u00e9tal"}]},{"@type":"WebSite","@id":"https:\/\/spinnpack.fr\/#website","url":"https:\/\/spinnpack.fr\/","name":"Spinnpack","description":"Sp\u00e9cialiste emballages cylindriques","publisher":{"@id":"https:\/\/spinnpack.fr\/#organization"},"potentialAction":[{"@type":"SearchAction","target":{"@type":"EntryPoint","urlTemplate":"https:\/\/spinnpack.fr\/?s={search_term_string}"},"query-input":{"@type":"PropertyValueSpecification","valueRequired":true,"valueName":"search_term_string"}}],"inLanguage":"fr-FR"},{"@type":"Organization","@id":"https:\/\/spinnpack.fr\/#organization","name":"Spinnpack","url":"https:\/\/spinnpack.fr\/","logo":{"@type":"ImageObject","inLanguage":"fr-FR","@id":"https:\/\/spinnpack.fr\/#\/schema\/logo\/image\/","url":"https:\/\/spinnpack.fr\/wp-content\/uploads\/2023\/02\/cropped-spinnpack-favicon.jpg","contentUrl":"https:\/\/spinnpack.fr\/wp-content\/uploads\/2023\/02\/cropped-spinnpack-favicon.jpg","width":512,"height":512,"caption":"Spinnpack"},"image":{"@id":"https:\/\/spinnpack.fr\/#\/schema\/logo\/image\/"}}]}},"_links":{"self":[{"href":"https:\/\/spinnpack.fr\/index.php?rest_route=\/wp\/v2\/pages\/2540","targetHints":{"allow":["GET"]}}],"collection":[{"href":"https:\/\/spinnpack.fr\/index.php?rest_route=\/wp\/v2\/pages"}],"about":[{"href":"https:\/\/spinnpack.fr\/index.php?rest_route=\/wp\/v2\/types\/page"}],"author":[{"embeddable":true,"href":"https:\/\/spinnpack.fr\/index.php?rest_route=\/wp\/v2\/users\/1"}],"replies":[{"embeddable":true,"href":"https:\/\/spinnpack.fr\/index.php?rest_route=%2Fwp%2Fv2%2Fcomments&post=2540"}],"version-history":[{"count":11,"href":"https:\/\/spinnpack.fr\/index.php?rest_route=\/wp\/v2\/pages\/2540\/revisions"}],"predecessor-version":[{"id":2678,"href":"https:\/\/spinnpack.fr\/index.php?rest_route=\/wp\/v2\/pages\/2540\/revisions\/2678"}],"wp:featuredmedia":[{"embeddable":true,"href":"https:\/\/spinnpack.fr\/index.php?rest_route=\/wp\/v2\/media\/1814"}],"wp:attachment":[{"href":"https:\/\/spinnpack.fr\/index.php?rest_route=%2Fwp%2Fv2%2Fmedia&parent=2540"}],"curies":[{"name":"wp","href":"https:\/\/api.w.org\/{rel}","templated":true}]}}