{"id":463,"date":"2026-02-03T06:15:16","date_gmt":"2026-02-03T05:15:16","guid":{"rendered":"https:\/\/demosites.royal-elementor-addons.com\/restaurant-v1\/?page_id=463"},"modified":"2026-03-03T16:45:16","modified_gmt":"2026-03-03T15:45:16","slug":"emballage-cylindrique-carton","status":"publish","type":"page","link":"https:\/\/spinnpack.fr\/","title":{"rendered":"Home"},"content":{"rendered":"\t\t<div data-elementor-type=\"wp-page\" data-elementor-id=\"463\" class=\"elementor elementor-463\">\n\t\t\t\t\t\t<section class=\"elementor-section elementor-top-section elementor-element elementor-element-1a8da6b8 elementor-section-boxed elementor-section-height-default elementor-section-height-default wpr-particle-no wpr-jarallax-no wpr-parallax-no wpr-sticky-section-no\" data-id=\"1a8da6b8\" data-element_type=\"section\">\n\t\t\t\t\t\t<div class=\"elementor-container elementor-column-gap-default\">\n\t\t\t\t\t<div class=\"elementor-column elementor-col-100 elementor-top-column elementor-element elementor-element-330b2ff9\" data-id=\"330b2ff9\" data-element_type=\"column\">\n\t\t\t<div class=\"elementor-widget-wrap elementor-element-populated\">\n\t\t\t\t\t\t<section class=\"elementor-section elementor-inner-section elementor-element elementor-element-3ca462a3 elementor-section-boxed elementor-section-height-default elementor-section-height-default wpr-particle-no wpr-jarallax-no wpr-parallax-no wpr-sticky-section-no\" data-id=\"3ca462a3\" data-element_type=\"section\">\n\t\t\t\t\t\t<div class=\"elementor-container elementor-column-gap-default\">\n\t\t\t\t\t<div class=\"elementor-column elementor-col-50 elementor-inner-column elementor-element elementor-element-19135890\" data-id=\"19135890\" data-element_type=\"column\">\n\t\t\t<div class=\"elementor-widget-wrap elementor-element-populated\">\n\t\t\t\t\t\t<div class=\"elementor-element elementor-element-58754079 elementor-widget elementor-widget-heading\" data-id=\"58754079\" data-element_type=\"widget\" data-widget_type=\"heading.default\">\n\t\t\t\t<div class=\"elementor-widget-container\">\n\t\t\t\t\t<h2 class=\"elementor-heading-title elementor-size-default\">Le sel, notre savoir-faire historique<\/h2>\t\t\t\t<\/div>\n\t\t\t\t<\/div>\n\t\t\t\t<div class=\"elementor-element elementor-element-18e600d0 elementor-widget elementor-widget-text-editor\" data-id=\"18e600d0\" data-element_type=\"widget\" data-widget_type=\"text-editor.default\">\n\t\t\t\t<div class=\"elementor-widget-container\">\n\t\t\t\t\t\t\t\t\t<p>La conception de bo\u00eetes pour le sel est au fondement m\u00eame de notre entreprise.<\/p><p>Depuis la cr\u00e9ation de l&rsquo;usine, nous produisons des emballages adapt\u00e9s aux exigences du secteur salin, garantissant protection, conformit\u00e9 alimentaire et performance logistique.<\/p>\t\t\t\t\t\t\t\t<\/div>\n\t\t\t\t<\/div>\n\t\t\t\t\t<\/div>\n\t\t<\/div>\n\t\t\t\t<div class=\"elementor-column elementor-col-50 elementor-inner-column elementor-element elementor-element-dfdc80c\" data-id=\"dfdc80c\" data-element_type=\"column\">\n\t\t\t<div class=\"elementor-widget-wrap elementor-element-populated\">\n\t\t\t\t\t\t<div class=\"elementor-element elementor-element-76c0c140 elementor-widget elementor-widget-image\" data-id=\"76c0c140\" data-element_type=\"widget\" data-widget_type=\"image.default\">\n\t\t\t\t<div class=\"elementor-widget-container\">\n\t\t\t\t\t\t\t\t\t\t\t\t\t\t\t<img fetchpriority=\"high\" decoding=\"async\" width=\"1024\" height=\"576\" src=\"https:\/\/spinnpack.fr\/wp-content\/uploads\/2026\/02\/J50B0690-edited-1024x576.jpg\" class=\"attachment-large size-large wp-image-2423\" alt=\"\" srcset=\"https:\/\/spinnpack.fr\/wp-content\/uploads\/2026\/02\/J50B0690-edited-1024x576.jpg 1024w, https:\/\/spinnpack.fr\/wp-content\/uploads\/2026\/02\/J50B0690-edited-300x169.jpg 300w, https:\/\/spinnpack.fr\/wp-content\/uploads\/2026\/02\/J50B0690-edited-768x432.jpg 768w, https:\/\/spinnpack.fr\/wp-content\/uploads\/2026\/02\/J50B0690-edited-1536x864.jpg 1536w, https:\/\/spinnpack.fr\/wp-content\/uploads\/2026\/02\/J50B0690-edited-2048x1152.jpg 2048w\" sizes=\"(max-width: 1024px) 100vw, 1024px\" \/>\t\t\t\t\t\t\t\t\t\t\t\t\t\t\t<\/div>\n\t\t\t\t<\/div>\n\t\t\t\t\t<\/div>\n\t\t<\/div>\n\t\t\t\t\t<\/div>\n\t\t<\/section>\n\t\t\t\t\t<\/div>\n\t\t<\/div>\n\t\t\t\t\t<\/div>\n\t\t<\/section>\n\t\t\t\t<\/div>\n\t\t","protected":false},"excerpt":{"rendered":"<p>Le sel, notre savoir-faire historique La conception de bo\u00eetes pour le sel est au fondement m\u00eame de notre entreprise. Depuis la cr\u00e9ation de l&rsquo;usine, nous produisons des emballages adapt\u00e9s aux exigences du secteur salin, garantissant protection, conformit\u00e9 alimentaire et performance logistique.<\/p>\n","protected":false},"author":1,"featured_media":0,"parent":0,"menu_order":0,"comment_status":"closed","ping_status":"closed","template":"","meta":{"footnotes":""},"class_list":["post-463","page","type-page","status-publish","hentry"],"yoast_head":"<!-- This site is optimized with the Yoast SEO plugin v25.3.1 - https:\/\/yoast.com\/wordpress\/plugins\/seo\/ -->\n<title>Spinnpack - Emballages cylindriques \u00e9coresponsable - 100% Fran\u00e7ais<\/title>\n<meta name=\"description\" content=\"Spinnpack fabrique des emballages cylindriques en carton 100\u202f% fran\u00e7ais \u00e0 Pierrelatte. Qualit\u00e9, \u00e9coresponsabilit\u00e9 et design sur-mesure.\" \/>\n<meta name=\"robots\" content=\"index, follow, max-snippet:-1, max-image-preview:large, max-video-preview:-1\" \/>\n<link rel=\"canonical\" href=\"https:\/\/spinnpack.fr\/\" \/>\n<meta property=\"og:locale\" content=\"fr_FR\" \/>\n<meta property=\"og:type\" content=\"article\" \/>\n<meta property=\"og:title\" content=\"Spinnpack - Emballages cylindriques \u00e9coresponsable - 100% Fran\u00e7ais\" \/>\n<meta property=\"og:description\" content=\"Spinnpack fabrique des emballages cylindriques en carton 100\u202f% fran\u00e7ais \u00e0 Pierrelatte. Qualit\u00e9, \u00e9coresponsabilit\u00e9 et design sur-mesure.\" \/>\n<meta property=\"og:url\" content=\"https:\/\/spinnpack.fr\/\" \/>\n<meta property=\"og:site_name\" content=\"Spinnpack\" \/>\n<meta property=\"article:modified_time\" content=\"2026-03-03T15:45:16+00:00\" \/>\n<meta property=\"og:image\" content=\"https:\/\/spinnpack.fr\/wp-content\/uploads\/2026\/02\/J50B0690-edited-scaled.jpg\" \/>\n\t<meta property=\"og:image:width\" content=\"2560\" \/>\n\t<meta property=\"og:image:height\" content=\"1440\" \/>\n\t<meta property=\"og:image:type\" content=\"image\/jpeg\" \/>\n<meta name=\"twitter:card\" content=\"summary_large_image\" \/>\n<meta name=\"twitter:label1\" content=\"Dur\u00e9e de lecture estim\u00e9e\" \/>\n\t<meta name=\"twitter:data1\" content=\"1 minute\" \/>\n<script type=\"application\/ld+json\" class=\"yoast-schema-graph\">{\"@context\":\"https:\/\/schema.org\",\"@graph\":[{\"@type\":\"WebPage\",\"@id\":\"https:\/\/spinnpack.fr\/\",\"url\":\"https:\/\/spinnpack.fr\/\",\"name\":\"Spinnpack - Emballages cylindriques \u00e9coresponsable - 100% Fran\u00e7ais\",\"isPartOf\":{\"@id\":\"https:\/\/spinnpack.fr\/#website\"},\"primaryImageOfPage\":{\"@id\":\"https:\/\/spinnpack.fr\/#primaryimage\"},\"image\":{\"@id\":\"https:\/\/spinnpack.fr\/#primaryimage\"},\"thumbnailUrl\":\"https:\/\/spinnpack.fr\/wp-content\/uploads\/2026\/02\/J50B0690-edited-1024x576.jpg\",\"datePublished\":\"2026-02-03T05:15:16+00:00\",\"dateModified\":\"2026-03-03T15:45:16+00:00\",\"description\":\"Spinnpack fabrique des emballages cylindriques en carton 100\u202f% fran\u00e7ais \u00e0 Pierrelatte. Qualit\u00e9, \u00e9coresponsabilit\u00e9 et design sur-mesure.\",\"breadcrumb\":{\"@id\":\"https:\/\/spinnpack.fr\/#breadcrumb\"},\"inLanguage\":\"fr-FR\",\"potentialAction\":[{\"@type\":\"ReadAction\",\"target\":[\"https:\/\/spinnpack.fr\/\"]}]},{\"@type\":\"ImageObject\",\"inLanguage\":\"fr-FR\",\"@id\":\"https:\/\/spinnpack.fr\/#primaryimage\",\"url\":\"https:\/\/spinnpack.fr\/wp-content\/uploads\/2026\/02\/J50B0690-edited-scaled.jpg\",\"contentUrl\":\"https:\/\/spinnpack.fr\/wp-content\/uploads\/2026\/02\/J50B0690-edited-scaled.jpg\",\"width\":2560,\"height\":1440},{\"@type\":\"BreadcrumbList\",\"@id\":\"https:\/\/spinnpack.fr\/#breadcrumb\",\"itemListElement\":[{\"@type\":\"ListItem\",\"position\":1,\"name\":\"Accueil\",\"item\":\"https:\/\/spinnpack.fr\/\"},{\"@type\":\"ListItem\",\"position\":2,\"name\":\"Home\"}]},{\"@type\":\"WebSite\",\"@id\":\"https:\/\/spinnpack.fr\/#website\",\"url\":\"https:\/\/spinnpack.fr\/\",\"name\":\"Spinnpack\",\"description\":\"Sp\u00e9cialiste emballages cylindriques\",\"publisher\":{\"@id\":\"https:\/\/spinnpack.fr\/#organization\"},\"potentialAction\":[{\"@type\":\"SearchAction\",\"target\":{\"@type\":\"EntryPoint\",\"urlTemplate\":\"https:\/\/spinnpack.fr\/?s={search_term_string}\"},\"query-input\":{\"@type\":\"PropertyValueSpecification\",\"valueRequired\":true,\"valueName\":\"search_term_string\"}}],\"inLanguage\":\"fr-FR\"},{\"@type\":\"Organization\",\"@id\":\"https:\/\/spinnpack.fr\/#organization\",\"name\":\"Spinnpack\",\"url\":\"https:\/\/spinnpack.fr\/\",\"logo\":{\"@type\":\"ImageObject\",\"inLanguage\":\"fr-FR\",\"@id\":\"https:\/\/spinnpack.fr\/#\/schema\/logo\/image\/\",\"url\":\"https:\/\/spinnpack.fr\/wp-content\/uploads\/2023\/02\/cropped-spinnpack-favicon.jpg\",\"contentUrl\":\"https:\/\/spinnpack.fr\/wp-content\/uploads\/2023\/02\/cropped-spinnpack-favicon.jpg\",\"width\":512,\"height\":512,\"caption\":\"Spinnpack\"},\"image\":{\"@id\":\"https:\/\/spinnpack.fr\/#\/schema\/logo\/image\/\"}}]}<\/script>\n<!-- \/ Yoast SEO plugin. -->","yoast_head_json":{"title":"Spinnpack - Emballages cylindriques \u00e9coresponsable - 100% Fran\u00e7ais","description":"Spinnpack fabrique des emballages cylindriques en carton 100\u202f% fran\u00e7ais \u00e0 Pierrelatte. Qualit\u00e9, \u00e9coresponsabilit\u00e9 et design sur-mesure.","robots":{"index":"index","follow":"follow","max-snippet":"max-snippet:-1","max-image-preview":"max-image-preview:large","max-video-preview":"max-video-preview:-1"},"canonical":"https:\/\/spinnpack.fr\/","og_locale":"fr_FR","og_type":"article","og_title":"Spinnpack - Emballages cylindriques \u00e9coresponsable - 100% Fran\u00e7ais","og_description":"Spinnpack fabrique des emballages cylindriques en carton 100\u202f% fran\u00e7ais \u00e0 Pierrelatte. Qualit\u00e9, \u00e9coresponsabilit\u00e9 et design sur-mesure.","og_url":"https:\/\/spinnpack.fr\/","og_site_name":"Spinnpack","article_modified_time":"2026-03-03T15:45:16+00:00","og_image":[{"width":2560,"height":1440,"url":"https:\/\/spinnpack.fr\/wp-content\/uploads\/2026\/02\/J50B0690-edited-scaled.jpg","type":"image\/jpeg"}],"twitter_card":"summary_large_image","twitter_misc":{"Dur\u00e9e de lecture estim\u00e9e":"1 minute"},"schema":{"@context":"https:\/\/schema.org","@graph":[{"@type":"WebPage","@id":"https:\/\/spinnpack.fr\/","url":"https:\/\/spinnpack.fr\/","name":"Spinnpack - Emballages cylindriques \u00e9coresponsable - 100% Fran\u00e7ais","isPartOf":{"@id":"https:\/\/spinnpack.fr\/#website"},"primaryImageOfPage":{"@id":"https:\/\/spinnpack.fr\/#primaryimage"},"image":{"@id":"https:\/\/spinnpack.fr\/#primaryimage"},"thumbnailUrl":"https:\/\/spinnpack.fr\/wp-content\/uploads\/2026\/02\/J50B0690-edited-1024x576.jpg","datePublished":"2026-02-03T05:15:16+00:00","dateModified":"2026-03-03T15:45:16+00:00","description":"Spinnpack fabrique des emballages cylindriques en carton 100\u202f% fran\u00e7ais \u00e0 Pierrelatte. Qualit\u00e9, \u00e9coresponsabilit\u00e9 et design sur-mesure.","breadcrumb":{"@id":"https:\/\/spinnpack.fr\/#breadcrumb"},"inLanguage":"fr-FR","potentialAction":[{"@type":"ReadAction","target":["https:\/\/spinnpack.fr\/"]}]},{"@type":"ImageObject","inLanguage":"fr-FR","@id":"https:\/\/spinnpack.fr\/#primaryimage","url":"https:\/\/spinnpack.fr\/wp-content\/uploads\/2026\/02\/J50B0690-edited-scaled.jpg","contentUrl":"https:\/\/spinnpack.fr\/wp-content\/uploads\/2026\/02\/J50B0690-edited-scaled.jpg","width":2560,"height":1440},{"@type":"BreadcrumbList","@id":"https:\/\/spinnpack.fr\/#breadcrumb","itemListElement":[{"@type":"ListItem","position":1,"name":"Accueil","item":"https:\/\/spinnpack.fr\/"},{"@type":"ListItem","position":2,"name":"Home"}]},{"@type":"WebSite","@id":"https:\/\/spinnpack.fr\/#website","url":"https:\/\/spinnpack.fr\/","name":"Spinnpack","description":"Sp\u00e9cialiste emballages cylindriques","publisher":{"@id":"https:\/\/spinnpack.fr\/#organization"},"potentialAction":[{"@type":"SearchAction","target":{"@type":"EntryPoint","urlTemplate":"https:\/\/spinnpack.fr\/?s={search_term_string}"},"query-input":{"@type":"PropertyValueSpecification","valueRequired":true,"valueName":"search_term_string"}}],"inLanguage":"fr-FR"},{"@type":"Organization","@id":"https:\/\/spinnpack.fr\/#organization","name":"Spinnpack","url":"https:\/\/spinnpack.fr\/","logo":{"@type":"ImageObject","inLanguage":"fr-FR","@id":"https:\/\/spinnpack.fr\/#\/schema\/logo\/image\/","url":"https:\/\/spinnpack.fr\/wp-content\/uploads\/2023\/02\/cropped-spinnpack-favicon.jpg","contentUrl":"https:\/\/spinnpack.fr\/wp-content\/uploads\/2023\/02\/cropped-spinnpack-favicon.jpg","width":512,"height":512,"caption":"Spinnpack"},"image":{"@id":"https:\/\/spinnpack.fr\/#\/schema\/logo\/image\/"}}]}},"_links":{"self":[{"href":"https:\/\/spinnpack.fr\/index.php?rest_route=\/wp\/v2\/pages\/463","targetHints":{"allow":["GET"]}}],"collection":[{"href":"https:\/\/spinnpack.fr\/index.php?rest_route=\/wp\/v2\/pages"}],"about":[{"href":"https:\/\/spinnpack.fr\/index.php?rest_route=\/wp\/v2\/types\/page"}],"author":[{"embeddable":true,"href":"https:\/\/spinnpack.fr\/index.php?rest_route=\/wp\/v2\/users\/1"}],"replies":[{"embeddable":true,"href":"https:\/\/spinnpack.fr\/index.php?rest_route=%2Fwp%2Fv2%2Fcomments&post=463"}],"version-history":[{"count":109,"href":"https:\/\/spinnpack.fr\/index.php?rest_route=\/wp\/v2\/pages\/463\/revisions"}],"predecessor-version":[{"id":2617,"href":"https:\/\/spinnpack.fr\/index.php?rest_route=\/wp\/v2\/pages\/463\/revisions\/2617"}],"wp:attachment":[{"href":"https:\/\/spinnpack.fr\/index.php?rest_route=%2Fwp%2Fv2%2Fmedia&parent=463"}],"curies":[{"name":"wp","href":"https:\/\/api.w.org\/{rel}","templated":true}]}}